{"id":9232,"date":"2023-12-22T10:13:46","date_gmt":"2023-12-22T09:13:46","guid":{"rendered":"https:\/\/www.trelson.com\/nykundsformular\/"},"modified":"2023-12-22T11:34:27","modified_gmt":"2023-12-22T10:34:27","slug":"ny-kund","status":"publish","type":"page","link":"https:\/\/www.trelson.com\/sv\/ny-kund\/","title":{"rendered":"Ny kund"},"content":{"rendered":"<section  class='av_textblock_section av-av_textblock-b1dfba9bd0fa17a76984708495577984 '   itemscope=\"itemscope\" itemtype=\"https:\/\/schema.org\/CreativeWork\" ><div class='avia_textblock'  itemprop=\"text\" ><\/div><\/section>\n<div  class='flex_column av-64iig0-6a03040f25be0e6c56dbdcacc7b98c16 av_three_fifth  avia-builder-el-1  el_after_av_textblock  el_before_av_two_fifth  first flex_column_div  column-top-margin'     ><section  class='av_textblock_section av-lqge257g-7704c632ec860ba3b757a30f103f6df4 '   itemscope=\"itemscope\" itemtype=\"https:\/\/schema.org\/CreativeWork\" ><div class='avia_textblock'  itemprop=\"text\" ><h1>Ny kund<\/h1>\n<p>F\u00f6r att s\u00e4kerst\u00e4lla korrekt fakturering och smidig kommunikation, v\u00e4nligen ge oss detaljer om er organisation. Er information f\u00f6rblir s\u00e4ker och hj\u00e4lper oss att skr\u00e4ddarsy v\u00e5ra tj\u00e4nster f\u00f6r att effektivt m\u00f6ta era behov.<\/p>\n<p>Fyll i formul\u00e4ret nedan, s\u00e5 tar vi hand om resten. Tack f\u00f6r att ni valt oss!<\/p>\n<\/div><\/section><\/div>\n<div  class='flex_column av-cwnsw-86ea311f3da98f57410efff666568914 av_two_fifth  avia-builder-el-3  el_after_av_three_fifth  el_before_av_one_half  flex_column_div  column-top-margin'     ><style type=\"text\/css\" data-created_by=\"avia_inline_auto\" id=\"style-css-av-lqge5hmo-a46702e503ab37c845077076ac239901\">\n.avia-image-container.av-lqge5hmo-a46702e503ab37c845077076ac239901 img.avia_image{\nbox-shadow:none;\n}\n.avia-image-container.av-lqge5hmo-a46702e503ab37c845077076ac239901 .av-image-caption-overlay-center{\ncolor:#ffffff;\n}\n<\/style>\n<div  class='avia-image-container av-lqge5hmo-a46702e503ab37c845077076ac239901 av-styling- avia-align-center  avia-builder-el-4  avia-builder-el-no-sibling '   itemprop=\"image\" itemscope=\"itemscope\" itemtype=\"https:\/\/schema.org\/ImageObject\" ><div class=\"avia-image-container-inner\"><div class=\"avia-image-overlay-wrap\"><img decoding=\"async\" fetchpriority=\"high\" class='wp-image-8655 avia-img-lazy-loading-not-8655 avia_image ' src=\"https:\/\/www.trelson.com\/wp-content\/uploads\/2023\/11\/contact-2-300x300.png\" alt='Trelson Assessment contact' title='contact-2'  height=\"300\" width=\"300\"  itemprop=\"thumbnailUrl\" srcset=\"https:\/\/www.trelson.com\/wp-content\/uploads\/2023\/11\/contact-2-300x300.png 300w, https:\/\/www.trelson.com\/wp-content\/uploads\/2023\/11\/contact-2-80x80.png 80w, https:\/\/www.trelson.com\/wp-content\/uploads\/2023\/11\/contact-2-36x36.png 36w, https:\/\/www.trelson.com\/wp-content\/uploads\/2023\/11\/contact-2-180x180.png 180w, https:\/\/www.trelson.com\/wp-content\/uploads\/2023\/11\/contact-2.png 500w\" sizes=\"(max-width: 300px) 100vw, 300px\" \/><\/div><\/div><\/div><\/div>\n\n<style type=\"text\/css\" data-created_by=\"avia_inline_auto\" id=\"style-css-av-lqge3d4g-d842b55175ed9041bd59eaae7cb539e3\">\n.flex_column.av-lqge3d4g-d842b55175ed9041bd59eaae7cb539e3{\nborder-width:4px;\nborder-color:#76ada8;\nborder-style:dashed;\npadding:30px 30px 30px 30px;\nbackground-color:#ffffff;\n}\n<\/style>\n<div  class='flex_column av-lqge3d4g-d842b55175ed9041bd59eaae7cb539e3 av_one_half  avia-builder-el-5  el_after_av_two_fifth  el_before_av_one_half  first flex_column_div  '     ><section  class='av_textblock_section av-lqge7had-0f7d6995ed21a7961cdab2e884a1f80d '   itemscope=\"itemscope\" itemtype=\"https:\/\/schema.org\/CreativeWork\" ><div class='avia_textblock'  itemprop=\"text\" ><h3>Fyll i nykundsformul\u00e4ret nedan<\/h3>\n<\/div><\/section><br \/>\n\n<style type=\"text\/css\" data-created_by=\"avia_inline_auto\" id=\"style-css-av-lqgeqreq-679418891178a195587d515ad0cac8a1\">\n#top .hr.hr-invisible.av-lqgeqreq-679418891178a195587d515ad0cac8a1{\nheight:25px;\n}\n<\/style>\n<div  class='hr av-lqgeqreq-679418891178a195587d515ad0cac8a1 hr-invisible  avia-builder-el-7  el_after_av_textblock  el_before_av_codeblock '><span class='hr-inner '><span class=\"hr-inner-style\"><\/span><\/span><\/div><br \/>\n<\/p><\/div>\n<div  class='flex_column av-2ro5sg-1672c66fd550bb02df040ed920f2e772 av_one_half  avia-builder-el-9  el_after_av_one_half  el_before_av_hr  flex_column_div  '     ><\/div>\n\n<style type=\"text\/css\" data-created_by=\"avia_inline_auto\" id=\"style-css-av-lqgepmmp-fa3d73f781365a8e88004f632eb38f15\">\n#top .hr.hr-invisible.av-lqgepmmp-fa3d73f781365a8e88004f632eb38f15{\nheight:50px;\n}\n<\/style>\n<div  class='hr av-lqgepmmp-fa3d73f781365a8e88004f632eb38f15 hr-invisible  avia-builder-el-10  el_after_av_one_half  avia-builder-el-last '><span class='hr-inner '><span class=\"hr-inner-style\"><\/span><\/span><\/div>\n","protected":false},"excerpt":{"rendered":"","protected":false},"author":10,"featured_media":0,"parent":0,"menu_order":0,"comment_status":"closed","ping_status":"closed","template":"","meta":{"inline_featured_image":false,"footnotes":""},"class_list":["post-9232","page","type-page","status-publish","hentry"],"yoast_head":"<!-- This site is optimized with the Yoast SEO plugin v27.3 - https:\/\/yoast.com\/product\/yoast-seo-wordpress\/ -->\n<title>Ny kund - Trelson<\/title>\n<meta name=\"description\" content=\"Ska ni b\u00f6rja anv\u00e4nda Trelson i er skola eller organisation? Fyll i v\u00e5rt nykundsformul\u00e4r f\u00f6r att s\u00e4kerst\u00e4lla att vi har korrekt information.\" \/>\n<meta name=\"robots\" content=\"index, follow, max-snippet:-1, max-image-preview:large, max-video-preview:-1\" \/>\n<link rel=\"canonical\" href=\"https:\/\/www.trelson.com\/sv\/ny-kund\/\" \/>\n<meta property=\"og:locale\" content=\"sv_SE\" \/>\n<meta property=\"og:type\" content=\"article\" \/>\n<meta property=\"og:title\" content=\"Ny kund - Trelson\" \/>\n<meta property=\"og:description\" content=\"Ska ni b\u00f6rja anv\u00e4nda Trelson i er skola eller organisation? Fyll i v\u00e5rt nykundsformul\u00e4r f\u00f6r att s\u00e4kerst\u00e4lla att vi har korrekt information.\" \/>\n<meta property=\"og:url\" content=\"https:\/\/www.trelson.com\/sv\/ny-kund\/\" \/>\n<meta property=\"og:site_name\" content=\"Trelson\" \/>\n<meta property=\"article:modified_time\" content=\"2023-12-22T10:34:27+00:00\" \/>\n<meta name=\"twitter:card\" content=\"summary_large_image\" \/>\n<meta name=\"twitter:label1\" content=\"Ber\u00e4knad l\u00e4stid\" \/>\n\t<meta name=\"twitter:data1\" content=\"4 minuter\" \/>\n<script type=\"application\/ld+json\" class=\"yoast-schema-graph\">{\"@context\":\"https:\\\/\\\/schema.org\",\"@graph\":[{\"@type\":\"WebPage\",\"@id\":\"https:\\\/\\\/www.trelson.com\\\/sv\\\/ny-kund\\\/\",\"url\":\"https:\\\/\\\/www.trelson.com\\\/sv\\\/ny-kund\\\/\",\"name\":\"Ny kund - Trelson\",\"isPartOf\":{\"@id\":\"https:\\\/\\\/www.trelson.com\\\/#website\"},\"datePublished\":\"2023-12-22T09:13:46+00:00\",\"dateModified\":\"2023-12-22T10:34:27+00:00\",\"description\":\"Ska ni b\u00f6rja anv\u00e4nda Trelson i er skola eller organisation? Fyll i v\u00e5rt nykundsformul\u00e4r f\u00f6r att s\u00e4kerst\u00e4lla att vi har korrekt information.\",\"breadcrumb\":{\"@id\":\"https:\\\/\\\/www.trelson.com\\\/sv\\\/ny-kund\\\/#breadcrumb\"},\"inLanguage\":\"sv-SE\",\"potentialAction\":[{\"@type\":\"ReadAction\",\"target\":[\"https:\\\/\\\/www.trelson.com\\\/sv\\\/ny-kund\\\/\"]}]},{\"@type\":\"BreadcrumbList\",\"@id\":\"https:\\\/\\\/www.trelson.com\\\/sv\\\/ny-kund\\\/#breadcrumb\",\"itemListElement\":[{\"@type\":\"ListItem\",\"position\":1,\"name\":\"Home\",\"item\":\"https:\\\/\\\/www.trelson.com\\\/sv\\\/app\\\/\"},{\"@type\":\"ListItem\",\"position\":2,\"name\":\"Ny kund\"}]},{\"@type\":\"WebSite\",\"@id\":\"https:\\\/\\\/www.trelson.com\\\/#website\",\"url\":\"https:\\\/\\\/www.trelson.com\\\/\",\"name\":\"Trelson\",\"description\":\"The platform for digital exams under your control\",\"potentialAction\":[{\"@type\":\"SearchAction\",\"target\":{\"@type\":\"EntryPoint\",\"urlTemplate\":\"https:\\\/\\\/www.trelson.com\\\/?s={search_term_string}\"},\"query-input\":{\"@type\":\"PropertyValueSpecification\",\"valueRequired\":true,\"valueName\":\"search_term_string\"}}],\"inLanguage\":\"sv-SE\"}]}<\/script>\n<!-- \/ Yoast SEO plugin. -->","yoast_head_json":{"title":"Ny kund - Trelson","description":"Ska ni b\u00f6rja anv\u00e4nda Trelson i er skola eller organisation? Fyll i v\u00e5rt nykundsformul\u00e4r f\u00f6r att s\u00e4kerst\u00e4lla att vi har korrekt information.","robots":{"index":"index","follow":"follow","max-snippet":"max-snippet:-1","max-image-preview":"max-image-preview:large","max-video-preview":"max-video-preview:-1"},"canonical":"https:\/\/www.trelson.com\/sv\/ny-kund\/","og_locale":"sv_SE","og_type":"article","og_title":"Ny kund - Trelson","og_description":"Ska ni b\u00f6rja anv\u00e4nda Trelson i er skola eller organisation? Fyll i v\u00e5rt nykundsformul\u00e4r f\u00f6r att s\u00e4kerst\u00e4lla att vi har korrekt information.","og_url":"https:\/\/www.trelson.com\/sv\/ny-kund\/","og_site_name":"Trelson","article_modified_time":"2023-12-22T10:34:27+00:00","twitter_card":"summary_large_image","twitter_misc":{"Ber\u00e4knad l\u00e4stid":"4 minuter"},"schema":{"@context":"https:\/\/schema.org","@graph":[{"@type":"WebPage","@id":"https:\/\/www.trelson.com\/sv\/ny-kund\/","url":"https:\/\/www.trelson.com\/sv\/ny-kund\/","name":"Ny kund - Trelson","isPartOf":{"@id":"https:\/\/www.trelson.com\/#website"},"datePublished":"2023-12-22T09:13:46+00:00","dateModified":"2023-12-22T10:34:27+00:00","description":"Ska ni b\u00f6rja anv\u00e4nda Trelson i er skola eller organisation? Fyll i v\u00e5rt nykundsformul\u00e4r f\u00f6r att s\u00e4kerst\u00e4lla att vi har korrekt information.","breadcrumb":{"@id":"https:\/\/www.trelson.com\/sv\/ny-kund\/#breadcrumb"},"inLanguage":"sv-SE","potentialAction":[{"@type":"ReadAction","target":["https:\/\/www.trelson.com\/sv\/ny-kund\/"]}]},{"@type":"BreadcrumbList","@id":"https:\/\/www.trelson.com\/sv\/ny-kund\/#breadcrumb","itemListElement":[{"@type":"ListItem","position":1,"name":"Home","item":"https:\/\/www.trelson.com\/sv\/app\/"},{"@type":"ListItem","position":2,"name":"Ny kund"}]},{"@type":"WebSite","@id":"https:\/\/www.trelson.com\/#website","url":"https:\/\/www.trelson.com\/","name":"Trelson","description":"The platform for digital exams under your control","potentialAction":[{"@type":"SearchAction","target":{"@type":"EntryPoint","urlTemplate":"https:\/\/www.trelson.com\/?s={search_term_string}"},"query-input":{"@type":"PropertyValueSpecification","valueRequired":true,"valueName":"search_term_string"}}],"inLanguage":"sv-SE"}]}},"_links":{"self":[{"href":"https:\/\/www.trelson.com\/sv\/wp-json\/wp\/v2\/pages\/9232","targetHints":{"allow":["GET"]}}],"collection":[{"href":"https:\/\/www.trelson.com\/sv\/wp-json\/wp\/v2\/pages"}],"about":[{"href":"https:\/\/www.trelson.com\/sv\/wp-json\/wp\/v2\/types\/page"}],"author":[{"embeddable":true,"href":"https:\/\/www.trelson.com\/sv\/wp-json\/wp\/v2\/users\/10"}],"replies":[{"embeddable":true,"href":"https:\/\/www.trelson.com\/sv\/wp-json\/wp\/v2\/comments?post=9232"}],"version-history":[{"count":4,"href":"https:\/\/www.trelson.com\/sv\/wp-json\/wp\/v2\/pages\/9232\/revisions"}],"predecessor-version":[{"id":14008,"href":"https:\/\/www.trelson.com\/sv\/wp-json\/wp\/v2\/pages\/9232\/revisions\/14008"}],"wp:attachment":[{"href":"https:\/\/www.trelson.com\/sv\/wp-json\/wp\/v2\/media?parent=9232"}],"curies":[{"name":"wp","href":"https:\/\/api.w.org\/{rel}","templated":true}]}}