{"id":8821,"date":"2022-02-08T07:10:26","date_gmt":"2022-02-08T06:10:26","guid":{"rendered":"https:\/\/www.trelson.com\/?page_id=8821"},"modified":"2026-04-20T08:54:04","modified_gmt":"2026-04-20T06:54:04","slug":"kontakt","status":"publish","type":"page","link":"https:\/\/www.trelson.com\/sv\/kontakt\/","title":{"rendered":"Kontakt"},"content":{"rendered":"<div class='flex_column_table av-g8nfd-6eb394486ea991a72579a0948a511b56 sc-av_one_half av-equal-height-column-flextable'><div  class='flex_column av-g8nfd-6eb394486ea991a72579a0948a511b56 av_one_half  avia-builder-el-0  el_before_av_one_half  avia-builder-el-first  first flex_column_table_cell av-equal-height-column av-align-middle  '     ><section  class='av_textblock_section av-l6bxclcr-bac40f14dbac5732fc2b97dc50b5e6e9 '   itemscope=\"itemscope\" itemtype=\"https:\/\/schema.org\/CreativeWork\" ><div class='avia_textblock'  itemprop=\"text\" ><h1>Kontakta oss<\/h1>\n<div>\n<p>Arbetar du p\u00e5 en Googleskola och \u00e4r intresserad av v\u00e5ra appar och hur de kan hj\u00e4lpa dig i vardagen? Tveka inte att h\u00f6ra av dig f\u00f6r en kostnadsfri r\u00e5dgivning kring v\u00e5ra appar och mjukvara f\u00f6r morgondagens skola.<\/p>\n<p>Trelson c\/o Online Partner AB<br \/>\nMejeriv\u00e4gen 3<br \/>\n117 61 Stockholm, Sverige<\/p>\n<p><a href=\"tel:%2046086365311\">+46 8-636 53 11<\/a><\/p>\n<p>M\u00e5ndag &#8211; fredag 09:00 &#8211; 16:00<\/p>\n<p>F\u00f6r mer <strong>information<\/strong> och <strong>f\u00f6rs\u00e4ljning<\/strong>, kontakta oss p\u00e5 <a href=\"mailto:sales@trelson.com\">sales@trelson.com<\/a><\/p>\n<p>F\u00f6r <strong>teknisk support<\/strong>, kontakta oss p\u00e5 e-post <a href=\"mailto:support@trelson.com\">support@trelson.com<\/a><\/p>\n<\/div>\n<\/div><\/section><\/div>\n<div class='av-flex-placeholder'><\/div><div  class='flex_column av-buku9-345262a42ba772a335f050055e50a15f av_one_half  avia-builder-el-2  el_after_av_one_half  el_before_av_one_half  flex_column_table_cell av-equal-height-column av-align-middle  '     ><style type=\"text\/css\" data-created_by=\"avia_inline_auto\" id=\"style-css-av-losj0e44-b1e30f09831b7b689d04a7104076357e\">\n.avia-image-container.av-losj0e44-b1e30f09831b7b689d04a7104076357e img.avia_image{\nbox-shadow:none;\n}\n.avia-image-container.av-losj0e44-b1e30f09831b7b689d04a7104076357e .av-image-caption-overlay-center{\ncolor:#ffffff;\n}\n<\/style>\n<div  class='avia-image-container av-losj0e44-b1e30f09831b7b689d04a7104076357e av-styling- avia-align-center  avia-builder-el-3  avia-builder-el-no-sibling '   itemprop=\"image\" itemscope=\"itemscope\" itemtype=\"https:\/\/schema.org\/ImageObject\" ><div class=\"avia-image-container-inner\"><div class=\"avia-image-overlay-wrap\"><img decoding=\"async\" fetchpriority=\"high\" class='wp-image-8655 avia-img-lazy-loading-not-8655 avia_image ' src=\"https:\/\/www.trelson.com\/wp-content\/uploads\/2023\/11\/contact-2-300x300.png\" alt='Trelson Assessment contact' title='contact-2'  height=\"300\" width=\"300\"  itemprop=\"thumbnailUrl\" srcset=\"https:\/\/www.trelson.com\/wp-content\/uploads\/2023\/11\/contact-2-300x300.png 300w, https:\/\/www.trelson.com\/wp-content\/uploads\/2023\/11\/contact-2-80x80.png 80w, https:\/\/www.trelson.com\/wp-content\/uploads\/2023\/11\/contact-2-36x36.png 36w, https:\/\/www.trelson.com\/wp-content\/uploads\/2023\/11\/contact-2-180x180.png 180w, https:\/\/www.trelson.com\/wp-content\/uploads\/2023\/11\/contact-2.png 500w\" sizes=\"(max-width: 300px) 100vw, 300px\" \/><\/div><\/div><\/div><\/div><\/div><!--close column table wrapper. Autoclose: 1 -->\n<div class='flex_column_table av-l6c1xxmn-d862531f6379da9dee6776dcf0757e75 sc-av_one_half av-equal-height-column-flextable'>\n<style type=\"text\/css\" data-created_by=\"avia_inline_auto\" id=\"style-css-av-l6c1xxmn-d862531f6379da9dee6776dcf0757e75\">\n.flex_column.av-l6c1xxmn-d862531f6379da9dee6776dcf0757e75{\nwidth:48%;\nmargin-left:0;\nborder-radius:8px 8px 8px 8px;\npadding:50px 50px 50px 50px;\nbackground-color:#6e3799;\n}\n#top .flex_column_table.av-equal-height-column-flextable.av-l6c1xxmn-d862531f6379da9dee6776dcf0757e75 .av-flex-placeholder{\nwidth:4%;\n}\n<\/style>\n<div  class='flex_column av-l6c1xxmn-d862531f6379da9dee6776dcf0757e75 av_one_half  avia-builder-el-4  el_after_av_one_half  el_before_av_one_half  first flex_column_table_cell av-equal-height-column av-align-top  column-top-margin'     ><style type=\"text\/css\" data-created_by=\"avia_inline_auto\" id=\"style-css-av-mk6v83uu-7e05ab22bbac02ed43f08c4454632760\">\n#top .av_textblock_section.av-mk6v83uu-7e05ab22bbac02ed43f08c4454632760 .avia_textblock{\ncolor:#ffffff;\n}\n<\/style>\n<section  class='av_textblock_section av-mk6v83uu-7e05ab22bbac02ed43f08c4454632760 '   itemscope=\"itemscope\" itemtype=\"https:\/\/schema.org\/CreativeWork\" ><div class='avia_textblock av_inherit_color'  itemprop=\"text\" ><h3 style=\"text-align: left;\">Ut\u00f6kade supporttider vid DNP<\/h3>\n<p>F\u00f6ljande dagar har vi ut\u00f6kade supporttider <strong>fr\u00e5n 07:30 till 16:00<\/strong> via telefon:<\/p>\n<ul>\n<li>20-21 april<\/li>\n<li>24 april<\/li>\n<li>27 april<\/li>\n<li>5 maj<\/li>\n<li>7 maj<\/li>\n<\/ul>\n<\/div><\/section><\/div><div class='av-flex-placeholder'><\/div>\n<style type=\"text\/css\" data-created_by=\"avia_inline_auto\" id=\"style-css-av-av_one_half-941a6b0aa495a142b6311e02ad6b0ca7\">\n.flex_column.av-av_one_half-941a6b0aa495a142b6311e02ad6b0ca7{\nwidth:48%;\nmargin-left:0;\nborder-radius:8px 8px 8px 8px;\npadding:50px 50px 50px 50px;\nbackground-color:#ffffff;\n}\n#top .flex_column_table.av-equal-height-column-flextable.av-av_one_half-941a6b0aa495a142b6311e02ad6b0ca7 .av-flex-placeholder{\nwidth:4%;\n}\n<\/style>\n<div  class='flex_column av-av_one_half-941a6b0aa495a142b6311e02ad6b0ca7 av_one_half  avia-builder-el-6  el_after_av_one_half  avia-builder-el-last  flex_column_table_cell av-equal-height-column av-align-top  column-top-margin'     ><p>\n<style type=\"text\/css\" data-created_by=\"avia_inline_auto\" id=\"style-css-av-av_image-28ee6464f4c117ec3f64e071788391b6\">\n.avia-image-container.av-av_image-28ee6464f4c117ec3f64e071788391b6 img.avia_image{\nbox-shadow:none;\n}\n.avia-image-container.av-av_image-28ee6464f4c117ec3f64e071788391b6 .av-image-caption-overlay-center{\ncolor:#ffffff;\n}\n<\/style>\n<div  class='avia-image-container av-av_image-28ee6464f4c117ec3f64e071788391b6 av-styling- avia-align-center  avia-builder-el-7  el_before_av_textblock  avia-builder-el-first '   itemprop=\"image\" itemscope=\"itemscope\" itemtype=\"https:\/\/schema.org\/ImageObject\" ><div class=\"avia-image-container-inner\"><div class=\"avia-image-overlay-wrap\"><img decoding=\"async\" fetchpriority=\"high\" class='wp-image-8658 avia-img-lazy-loading-not-8658 avia_image ' src=\"https:\/\/www.trelson.com\/wp-content\/uploads\/2023\/11\/faq-1-180x180.png\" alt='key benefits' title='faq-1'  height=\"180\" width=\"180\"  itemprop=\"thumbnailUrl\" srcset=\"https:\/\/www.trelson.com\/wp-content\/uploads\/2023\/11\/faq-1-180x180.png 180w, https:\/\/www.trelson.com\/wp-content\/uploads\/2023\/11\/faq-1-300x300.png 300w, https:\/\/www.trelson.com\/wp-content\/uploads\/2023\/11\/faq-1-80x80.png 80w, https:\/\/www.trelson.com\/wp-content\/uploads\/2023\/11\/faq-1-36x36.png 36w, https:\/\/www.trelson.com\/wp-content\/uploads\/2023\/11\/faq-1.png 500w\" sizes=\"(max-width: 180px) 100vw, 180px\" \/><\/div><\/div><\/div><br \/>\n<section  class='av_textblock_section av-av_textblock-027aa0d5e2565f1df3ffea92ee1b3453 '   itemscope=\"itemscope\" itemtype=\"https:\/\/schema.org\/CreativeWork\" ><div class='avia_textblock'  itemprop=\"text\" ><h3 style=\"text-align: center;\">Beh\u00f6ver du hj\u00e4lp?<\/h3>\n<p style=\"text-align: center;\">Har du en fr\u00e5ga g\u00e4llande n\u00e5gon av v\u00e5ra programvaror? Eller beh\u00f6ver du hj\u00e4lp att komma ig\u00e5ng? F\u00f6lj v\u00e5ra guider eller h\u00f6r av dig!<\/p>\n<\/div><\/section><br \/>\n<div  class='avia-button-wrap av-av_button-66bd33cc0ca4113b5e57e6b7625a8d33-wrap avia-button-center  avia-builder-el-9  el_after_av_textblock  avia-builder-el-last '>\n<style type=\"text\/css\" data-created_by=\"avia_inline_auto\" id=\"style-css-av-av_button-66bd33cc0ca4113b5e57e6b7625a8d33\">\n#top #wrap_all .avia-button.av-av_button-66bd33cc0ca4113b5e57e6b7625a8d33{\nbackground-color:#76ada8;\nborder-color:#76ada8;\ncolor:#000000;\ntransition:all 0.4s ease-in-out;\n}\n#top #wrap_all .avia-button.av-av_button-66bd33cc0ca4113b5e57e6b7625a8d33:hover{\nbackground-color:teal;\ncolor:#f8f8f8;\ntransition:all 0.4s ease-in-out;\n}\n#top #wrap_all .avia-button.av-av_button-66bd33cc0ca4113b5e57e6b7625a8d33 .avia-svg-icon svg:first-child{\nfill:#000000;\nstroke:#000000;\n}\n#top #wrap_all .avia-button.av-av_button-66bd33cc0ca4113b5e57e6b7625a8d33:hover .avia-svg-icon svg:first-child{\nfill:#f8f8f8;\nstroke:#f8f8f8;\n}\n<\/style>\n<a href='https:\/\/support.trelson.com\/hc\/sv'  class='avia-button av-av_button-66bd33cc0ca4113b5e57e6b7625a8d33 av-link-btn avia-icon_select-no avia-size-small avia-position-center'   aria-label=\"Support\"><span class='avia_iconbox_title' >Support<\/span><\/a><\/div><\/p><\/div><\/div><!--close column table wrapper. Autoclose: 1 --><\/p>\n","protected":false},"excerpt":{"rendered":"","protected":false},"author":2,"featured_media":0,"parent":0,"menu_order":5,"comment_status":"closed","ping_status":"closed","template":"","meta":{"inline_featured_image":false,"footnotes":""},"class_list":["post-8821","page","type-page","status-publish","hentry"],"yoast_head":"<!-- This site is optimized with the Yoast SEO plugin v27.3 - https:\/\/yoast.com\/product\/yoast-seo-wordpress\/ -->\n<title>Kontakt - Trelson<\/title>\n<meta name=\"description\" content=\"\u00c4r du intresserad av v\u00e5ra appar och hur de kan hj\u00e4lpa dig i vardagen? Tveka inte att h\u00f6ra av dig f\u00f6r en kostnadsfri r\u00e5dgivning kring v\u00e5ra appar och mjukvara f\u00f6r morgondagens skola.\" \/>\n<meta name=\"robots\" content=\"index, follow, max-snippet:-1, max-image-preview:large, max-video-preview:-1\" \/>\n<link rel=\"canonical\" href=\"https:\/\/www.trelson.com\/sv\/kontakt\/\" \/>\n<meta property=\"og:locale\" content=\"sv_SE\" \/>\n<meta property=\"og:type\" content=\"article\" \/>\n<meta property=\"og:title\" content=\"Kontakt - Trelson\" \/>\n<meta property=\"og:description\" content=\"\u00c4r du intresserad av v\u00e5ra appar och hur de kan hj\u00e4lpa dig i vardagen? Tveka inte att h\u00f6ra av dig f\u00f6r en kostnadsfri r\u00e5dgivning kring v\u00e5ra appar och mjukvara f\u00f6r morgondagens skola.\" \/>\n<meta property=\"og:url\" content=\"https:\/\/www.trelson.com\/sv\/kontakt\/\" \/>\n<meta property=\"og:site_name\" content=\"Trelson\" \/>\n<meta property=\"article:modified_time\" content=\"2026-04-20T06:54:04+00:00\" \/>\n<meta name=\"twitter:card\" content=\"summary_large_image\" \/>\n<meta name=\"twitter:label1\" content=\"Ber\u00e4knad l\u00e4stid\" \/>\n\t<meta name=\"twitter:data1\" content=\"1 minut\" \/>\n<script type=\"application\/ld+json\" class=\"yoast-schema-graph\">{\"@context\":\"https:\\\/\\\/schema.org\",\"@graph\":[{\"@type\":\"WebPage\",\"@id\":\"https:\\\/\\\/www.trelson.com\\\/sv\\\/kontakt\\\/\",\"url\":\"https:\\\/\\\/www.trelson.com\\\/sv\\\/kontakt\\\/\",\"name\":\"Kontakt - Trelson\",\"isPartOf\":{\"@id\":\"https:\\\/\\\/www.trelson.com\\\/#website\"},\"datePublished\":\"2022-02-08T06:10:26+00:00\",\"dateModified\":\"2026-04-20T06:54:04+00:00\",\"description\":\"\u00c4r du intresserad av v\u00e5ra appar och hur de kan hj\u00e4lpa dig i vardagen? Tveka inte att h\u00f6ra av dig f\u00f6r en kostnadsfri r\u00e5dgivning kring v\u00e5ra appar och mjukvara f\u00f6r morgondagens skola.\",\"breadcrumb\":{\"@id\":\"https:\\\/\\\/www.trelson.com\\\/sv\\\/kontakt\\\/#breadcrumb\"},\"inLanguage\":\"sv-SE\",\"potentialAction\":[{\"@type\":\"ReadAction\",\"target\":[\"https:\\\/\\\/www.trelson.com\\\/sv\\\/kontakt\\\/\"]}]},{\"@type\":\"BreadcrumbList\",\"@id\":\"https:\\\/\\\/www.trelson.com\\\/sv\\\/kontakt\\\/#breadcrumb\",\"itemListElement\":[{\"@type\":\"ListItem\",\"position\":1,\"name\":\"Home\",\"item\":\"https:\\\/\\\/www.trelson.com\\\/sv\\\/app\\\/\"},{\"@type\":\"ListItem\",\"position\":2,\"name\":\"Kontakt\"}]},{\"@type\":\"WebSite\",\"@id\":\"https:\\\/\\\/www.trelson.com\\\/#website\",\"url\":\"https:\\\/\\\/www.trelson.com\\\/\",\"name\":\"Trelson\",\"description\":\"The platform for digital exams under your control\",\"potentialAction\":[{\"@type\":\"SearchAction\",\"target\":{\"@type\":\"EntryPoint\",\"urlTemplate\":\"https:\\\/\\\/www.trelson.com\\\/?s={search_term_string}\"},\"query-input\":{\"@type\":\"PropertyValueSpecification\",\"valueRequired\":true,\"valueName\":\"search_term_string\"}}],\"inLanguage\":\"sv-SE\"}]}<\/script>\n<!-- \/ Yoast SEO plugin. -->","yoast_head_json":{"title":"Kontakt - Trelson","description":"\u00c4r du intresserad av v\u00e5ra appar och hur de kan hj\u00e4lpa dig i vardagen? Tveka inte att h\u00f6ra av dig f\u00f6r en kostnadsfri r\u00e5dgivning kring v\u00e5ra appar och mjukvara f\u00f6r morgondagens skola.","robots":{"index":"index","follow":"follow","max-snippet":"max-snippet:-1","max-image-preview":"max-image-preview:large","max-video-preview":"max-video-preview:-1"},"canonical":"https:\/\/www.trelson.com\/sv\/kontakt\/","og_locale":"sv_SE","og_type":"article","og_title":"Kontakt - Trelson","og_description":"\u00c4r du intresserad av v\u00e5ra appar och hur de kan hj\u00e4lpa dig i vardagen? Tveka inte att h\u00f6ra av dig f\u00f6r en kostnadsfri r\u00e5dgivning kring v\u00e5ra appar och mjukvara f\u00f6r morgondagens skola.","og_url":"https:\/\/www.trelson.com\/sv\/kontakt\/","og_site_name":"Trelson","article_modified_time":"2026-04-20T06:54:04+00:00","twitter_card":"summary_large_image","twitter_misc":{"Ber\u00e4knad l\u00e4stid":"1 minut"},"schema":{"@context":"https:\/\/schema.org","@graph":[{"@type":"WebPage","@id":"https:\/\/www.trelson.com\/sv\/kontakt\/","url":"https:\/\/www.trelson.com\/sv\/kontakt\/","name":"Kontakt - Trelson","isPartOf":{"@id":"https:\/\/www.trelson.com\/#website"},"datePublished":"2022-02-08T06:10:26+00:00","dateModified":"2026-04-20T06:54:04+00:00","description":"\u00c4r du intresserad av v\u00e5ra appar och hur de kan hj\u00e4lpa dig i vardagen? Tveka inte att h\u00f6ra av dig f\u00f6r en kostnadsfri r\u00e5dgivning kring v\u00e5ra appar och mjukvara f\u00f6r morgondagens skola.","breadcrumb":{"@id":"https:\/\/www.trelson.com\/sv\/kontakt\/#breadcrumb"},"inLanguage":"sv-SE","potentialAction":[{"@type":"ReadAction","target":["https:\/\/www.trelson.com\/sv\/kontakt\/"]}]},{"@type":"BreadcrumbList","@id":"https:\/\/www.trelson.com\/sv\/kontakt\/#breadcrumb","itemListElement":[{"@type":"ListItem","position":1,"name":"Home","item":"https:\/\/www.trelson.com\/sv\/app\/"},{"@type":"ListItem","position":2,"name":"Kontakt"}]},{"@type":"WebSite","@id":"https:\/\/www.trelson.com\/#website","url":"https:\/\/www.trelson.com\/","name":"Trelson","description":"The platform for digital exams under your control","potentialAction":[{"@type":"SearchAction","target":{"@type":"EntryPoint","urlTemplate":"https:\/\/www.trelson.com\/?s={search_term_string}"},"query-input":{"@type":"PropertyValueSpecification","valueRequired":true,"valueName":"search_term_string"}}],"inLanguage":"sv-SE"}]}},"_links":{"self":[{"href":"https:\/\/www.trelson.com\/sv\/wp-json\/wp\/v2\/pages\/8821","targetHints":{"allow":["GET"]}}],"collection":[{"href":"https:\/\/www.trelson.com\/sv\/wp-json\/wp\/v2\/pages"}],"about":[{"href":"https:\/\/www.trelson.com\/sv\/wp-json\/wp\/v2\/types\/page"}],"author":[{"embeddable":true,"href":"https:\/\/www.trelson.com\/sv\/wp-json\/wp\/v2\/users\/2"}],"replies":[{"embeddable":true,"href":"https:\/\/www.trelson.com\/sv\/wp-json\/wp\/v2\/comments?post=8821"}],"version-history":[{"count":72,"href":"https:\/\/www.trelson.com\/sv\/wp-json\/wp\/v2\/pages\/8821\/revisions"}],"predecessor-version":[{"id":16064,"href":"https:\/\/www.trelson.com\/sv\/wp-json\/wp\/v2\/pages\/8821\/revisions\/16064"}],"wp:attachment":[{"href":"https:\/\/www.trelson.com\/sv\/wp-json\/wp\/v2\/media?parent=8821"}],"curies":[{"name":"wp","href":"https:\/\/api.w.org\/{rel}","templated":true}]}}