{"id":14328,"date":"2025-06-23T13:34:41","date_gmt":"2025-06-23T11:34:41","guid":{"rendered":"https:\/\/www.trelson.com\/tilgjengelighet\/"},"modified":"2025-06-23T14:14:56","modified_gmt":"2025-06-23T12:14:56","slug":"tilgjengelighet","status":"publish","type":"page","link":"https:\/\/www.trelson.com\/no\/tilgjengelighet\/","title":{"rendered":"Tilgjengelighet"},"content":{"rendered":"<div  class='flex_column av-12sr87k-6839cb62cd133bad67061aa2f381beae av_one_half  avia-builder-el-0  el_before_av_one_half  avia-builder-el-first  first flex_column_div  '     ><section  class='av_textblock_section av-k01y1c-e55b727530c659065f0ab995c1873218 '   itemscope=\"itemscope\" itemtype=\"https:\/\/schema.org\/CreativeWork\" ><div class='avia_textblock'  itemprop=\"text\" ><h1 data-sourcepos=\"4:1-4:32\">Tilgjengelighet hos Trelson: for alle<\/h1>\n<p data-sourcepos=\"5:1-5:328\">Hos Trelson mener vi at <strong>utdanning og teknologi b\u00f8r v\u00e6re for alle.<\/strong> Derfor jobber vi hardt for \u00e5 gj\u00f8re nettstedet v\u00e5rt enkelt \u00e5 bruke og forst\u00e5. Dette gjelder for alle, <strong>uavhengig av funksjonsnedsettelse<\/strong>. Derfor jobber vi kontinuerlig med \u00e5 forbedre innholdet v\u00e5rt. M\u00e5let v\u00e5rt er \u00e5 sikre at alle bes\u00f8kende f\u00e5r en god og inkluderende opplevelse.<\/p>\n<h4 data-sourcepos=\"8:1-8:40\">Dette er hvordan vi tenker om tilgjengelighet<\/h4>\n<p data-sourcepos=\"9:1-9:467\">For det f\u00f8rste har vi som m\u00e5l \u00e5 overholde <strong>WCAG 2.1 niv\u00e5 AA.<\/strong> Disse internasjonale retningslinjene gj\u00f8r nettsteder mer brukbare for personer med ulike funksjonsnedsettelser. Det <strong>kan for eksempel v\u00e6re<\/strong> syns-, h\u00f8rsels-, fysiske, tale-, kognitive, spr\u00e5klige, innl\u00e6rings- eller nevrologiske funksjonsnedsettelser. Disse kan p\u00e5virke bevegelse eller f\u00f8lsomhet for flimmer. I <strong>tillegg<\/strong> er vi fast bestemt p\u00e5 \u00e5 stadig forbedre og rette feil for \u00e5 b\u00e5de n\u00e5 og overg\u00e5 disse kravene.<\/p>\n<h4 data-sourcepos=\"12:1-12:39\">Hvor tilgjengelig er nettstedet v\u00e5rt i dag?<\/h4>\n<p data-sourcepos=\"13:1-13:220\">Nettstedet v\u00e5rt er delvis tilgjengelig, <strong>men<\/strong> vi har innsett hvor stor forskjell det utgj\u00f8r! <strong>Derfor<\/strong> er vi s\u00e5 opptatt av \u00e5 forbedre nettstedet v\u00e5rt. Vi jobber n\u00e5 hardt for \u00e5 utbedre manglene.<\/p>\n<h4 data-sourcepos=\"16:1-16:60\">Hva vi jobber med, og hva vi vet som ikke fungerer helt enn\u00e5<\/h4>\n<p data-sourcepos=\"17:1-17:266\">Vi vet at enkelte deler av nettstedet v\u00e5rt ikke er helt kompatible. Mange av disse utfordringene skyldes begrensninger i m\u00e5ten nettstedet v\u00e5rt er bygget opp p\u00e5 (wordpress-temaet v\u00e5rt). I <strong>tillegg<\/strong> p\u00e5virkes den av innebygd innhold fra andre selskaper. Dette er ofte vanskelig \u00e5 kontrollere fullt ut.<\/p>\n<h1 data-sourcepos=\"4:1-4:45\"><\/h1>\n<\/div><\/section><br \/>\n\n<style type=\"text\/css\" data-created_by=\"avia_inline_auto\" id=\"style-css-av-mc8y9a2w-731c7cdcfe00c5838f436374d52a0b8f\">\n#top .togglecontainer.av-mc8y9a2w-731c7cdcfe00c5838f436374d52a0b8f p.toggler{\ncolor:#142b3d;\nbackground-color:#fef5e7;\nborder-color:#142b3d;\n}\n#top .togglecontainer.av-mc8y9a2w-731c7cdcfe00c5838f436374d52a0b8f p.toggler.activeTitle{\ncolor:#142b3d;\nborder-color:#142b3d;\n}\n#top .togglecontainer.av-mc8y9a2w-731c7cdcfe00c5838f436374d52a0b8f p.toggler:not(.activeTitle):hover{\ncolor:#f8f8f8;\nbackground-color:#188b8b;\n}\n#top .togglecontainer.av-mc8y9a2w-731c7cdcfe00c5838f436374d52a0b8f p.toggler:not(.activeTitle):hover .toggle_icon, #top .togglecontainer.av-mc8y9a2w-731c7cdcfe00c5838f436374d52a0b8f p.toggler:not(.activeTitle):hover .toggle_icon *{\nborder-color:#f8f8f8 !important;\n}\n#top .togglecontainer.av-mc8y9a2w-731c7cdcfe00c5838f436374d52a0b8f p.toggler .toggle_icon{\ncolor:#142b3d;\nborder-color:#142b3d;\n}\n#top .togglecontainer.av-mc8y9a2w-731c7cdcfe00c5838f436374d52a0b8f p.toggler .toggle_icon > span{\ncolor:#142b3d;\nborder-color:#142b3d;\n}\n#top .togglecontainer.av-mc8y9a2w-731c7cdcfe00c5838f436374d52a0b8f p.toggler.activeTitle .toggle_icon, #top .togglecontainer.av-mc8y9a2w-731c7cdcfe00c5838f436374d52a0b8f p.toggler.activeTitle .toggle_icon > span{\ncolor:#142b3d;\nborder-color:#142b3d;\n}\n#top .togglecontainer.av-mc8y9a2w-731c7cdcfe00c5838f436374d52a0b8f .toggle_wrap .toggle_content{\ncolor:#142b3d;\nbackground-color:#fef5e7;\nborder-color:#142b3d;\n}\n<\/style>\n<div  class='togglecontainer av-mc8y9a2w-731c7cdcfe00c5838f436374d52a0b8f av-minimal-toggle  avia-builder-el-2  el_after_av_textblock  avia-builder-el-last  toggle_close_all' >\n<section class='av_toggle_section av-mc8y8fxv-05493a00b3675f6118f9020a7e23c3a0'  itemscope=\"itemscope\" itemtype=\"https:\/\/schema.org\/CreativeWork\" ><div role=\"tablist\" class=\"single_toggle\" data-tags=\"{Alle} \"  ><p id='toggle-toggle-id-1' data-fake-id='#toggle-id-1' class='toggler  av-title-above av-inherit-border-color'  itemprop=\"headline\"  role='tab' tabindex='0' aria-controls='toggle-id-1' data-slide-speed=\"200\" data-title=\"De viktigste delene vi fokuserer p\u00e5 (de som m\u00e5 fikses f\u00f8rst)\" data-title-open=\"\" data-aria_collapsed=\"Click to expand: De viktigste delene vi fokuserer p\u00e5 (de som m\u00e5 fikses f\u00f8rst)\" data-aria_expanded=\"Click to collapse: De viktigste delene vi fokuserer p\u00e5 (de som m\u00e5 fikses f\u00f8rst)\">De viktigste delene vi fokuserer p\u00e5 (de som m\u00e5 fikses f\u00f8rst)<span class=\"toggle_icon\"><span class=\"vert_icon\"><\/span><span class=\"hor_icon\"><\/span><\/span><\/p><div id='toggle-id-1' aria-labelledby='toggle-toggle-id-1' role='region' class='toggle_wrap  av-title-above'  ><div class='toggle_content invers-color av-inherit-border-color'  itemprop=\"text\" ><p data-sourcepos=\"5:1-5:71\">Det er disse problemene som har st\u00f8rst innvirkning, og som vi prioriterer \u00e5 ta tak i:<\/p>\n<ul data-sourcepos=\"7:1-18:234\">\n<li data-sourcepos=\"7:1-7:234\"><strong>Tastaturnavigering (WCAG 2.1.1 Tastatur):<\/strong> Noen deler av nettstedet, spesielt rundt innebygde videoer, er vanskelige \u00e5 bruke kun med tastatur. <strong>Derfor<\/strong> jobber vi med \u00e5 gj\u00f8re alt tilgjengelig og aktiverbart med bare tastaturet.<\/li>\n<li data-sourcepos=\"8:1-8:196\"><strong>Meningsfull rekkef\u00f8lge (WCAG 1.3.2 Meningsfull rekkef\u00f8lge)<\/strong>: Informasjon er ikke alltid tydelig for skjermlesere. <strong>Derfor<\/strong> s\u00f8rger vi for at innholdet flyter logisk, uavhengig av visuell layout.<\/li>\n<li data-sourcepos=\"9:1-12:167\"><strong>Forst\u00e5 interaktive elementer (WCAG 4.1.2 Navn, rolle, verdi):<\/strong>\n<ul data-sourcepos=\"10:5-12:167\">\n<li data-sourcepos=\"10:5-10:128\"><strong>Skjult informasjon:<\/strong> Viktige interaktive elementer blir noen ganger utilsiktet skjult for skjermlesere. <strong>Dette<\/strong> gj\u00f8r dem usynlige.<\/li>\n<li data-sourcepos=\"11:5-11:165\"><strong>Uklar informasjon for verkt\u00f8y:<\/strong> Vi har eksempler p\u00e5 at informasjonen for skjermlesere og lignende verkt\u00f8y ikke er helt korrekt. <strong>Dette<\/strong> kan skape forvirring.<\/li>\n<li data-sourcepos=\"12:5-12:167\"><strong>Skjemaer:<\/strong> Skjemaer fra andre selskaper grupperer ikke alltid relaterte sp\u00f8rsm\u00e5l p\u00e5 en tydelig m\u00e5te. <strong>Dette gj\u00f8r<\/strong> dem vanskeligere \u00e5 forst\u00e5 for hjelpemiddelbrukeren.<\/li>\n<\/ul>\n<\/li>\n<li data-sourcepos=\"13:1-13:227\"><strong>Manglende gruppetitler for skjemaer (relatert til WCAG 1.3.5 Identifiser form\u00e5l<\/strong> med inndata): Disse innebygde skjemaene mangler ofte tydelige hovedoverskrifter for sp\u00f8rsm\u00e5l i grupper. <strong>Dette<\/strong> er viktig for \u00e5 forst\u00e5 hva som skal fylles ut.<\/li>\n<li data-sourcepos=\"14:1-14:218\"><strong>Tydelige lenkenavn (WCAG 2.4.4 Lenkeform\u00e5l (i kontekst)):<\/strong> Noen lenker, spesielt tett innebygde videoer, har ikke alltid tydelige nok beskrivelser av hvor de f\u00f8rer hen. <strong>Derfor<\/strong> blir form\u00e5let vanskelig \u00e5 forst\u00e5.<\/li>\n<li data-sourcepos=\"15:1-15:199\">Ikke-tekstlig <strong>innhold (WCAG 1.1.1 Ikke-tekstlig innhold):<\/strong> Noen grafiske elementer som formidler informasjon, er ikke alltid korrekt beskrevet for skjermlesere. <strong>Vi jobber med \u00e5 forbedre dette.<\/strong><\/li>\n<li data-sourcepos=\"16:1-16:216\"><strong>Omg\u00e5 blokker (WCAG 2.4.1 Bypass Blocks)<\/strong>: Vi mangler for \u00f8yeblikket en direkte lenke til &laquo;hopp til hovedinnholdet&raquo;. <strong>Dette<\/strong> kan gj\u00f8re det vanskelig for tastaturbrukere og skjermlesere \u00e5 omg\u00e5 navigasjonen raskt.<\/li>\n<li data-sourcepos=\"17:1-17:403\"><strong>Emosjonelle signaler (WCAG 1.3.3 Sensoriske egenskaper):<\/strong> Vi gjennomg\u00e5r innholdet. M\u00e5let er at instruksjoner som kun er basert p\u00e5 farge (&laquo;klikk p\u00e5 den r\u00f8de knappen&raquo;) eller lyd (&laquo;lytt etter signalet&raquo;), alltid skal ha en alternativ, ikke-sensorisk m\u00e5te \u00e5 bli forst\u00e5tt p\u00e5. <strong>For eksempel<\/strong> &laquo;klikk p\u00e5 den r\u00f8de &laquo;Send&raquo;-knappen&raquo; eller &laquo;lytt etter signalet og se etter meldingen &laquo;nedlastingen er fullf\u00f8rt&raquo;&raquo;. <\/li>\n<li data-sourcepos=\"18:1-18:243\"><strong>Etiketter eller instruksjoner (WCAG 3.3.2 Etiketter eller instruksjoner):<\/strong> Noen ikke-interaktive elementer kan ha tilleggsbeskrivelser som kan leses av skjermlesere. <strong>Disse<\/strong> er imidlertid ikke alltid nyttige for innhold du ikke kan samhandle med.<\/li>\n<\/ul>\n<\/div><\/div><\/div><\/section>\n<section class='av_toggle_section av-mc8y8rbf-3ff3c42528b611d394f04f6caa1af8ab'  itemscope=\"itemscope\" itemtype=\"https:\/\/schema.org\/CreativeWork\" ><div role=\"tablist\" class=\"single_toggle\" data-tags=\"{Alle} \"  ><p id='toggle-toggle-id-2' data-fake-id='#toggle-id-2' class='toggler  av-title-above av-inherit-border-color'  itemprop=\"headline\"  role='tab' tabindex='0' aria-controls='toggle-id-2' data-slide-speed=\"200\" data-title=\"Flere forbedringer (for en enda bedre brukeropplevelse)\" data-title-open=\"\" data-aria_collapsed=\"Click to expand: Flere forbedringer (for en enda bedre brukeropplevelse)\" data-aria_expanded=\"Click to collapse: Flere forbedringer (for en enda bedre brukeropplevelse)\">Flere forbedringer (for en enda bedre brukeropplevelse)<span class=\"toggle_icon\"><span class=\"vert_icon\"><\/span><span class=\"hor_icon\"><\/span><\/span><\/p><div id='toggle-id-2' aria-labelledby='toggle-toggle-id-2' role='region' class='toggle_wrap  av-title-above'  ><div class='toggle_content invers-color av-inherit-border-color'  itemprop=\"text\" ><p data-sourcepos=\"3:1-3:74\">Disse problemene blir ogs\u00e5 l\u00f8st for \u00e5 gi en enda bedre brukeropplevelse:<\/p>\n<ul data-sourcepos=\"5:1-12:158\">\n<li data-sourcepos=\"5:1-5:294\"><strong>Kontrast (WCAG 1.4.3 Kontrast (minimum) og 1.4.11 Kontrast for ikke-tekst)<\/strong>: Noe tekst og viktige visuelle elementer fra innebygd innhold, for eksempel skjemaer, kan mangle tilstrekkelig fargekontrast. <strong>Dette<\/strong> gj\u00f8r dem vanskelige \u00e5 se for noen. Vi jobber aktivt med dette der vi har kontroll. <\/li>\n<li data-sourcepos=\"6:1-6:147\"><strong>Tydelige overskrifter (WCAG 2.4.6 Overskrifter og etiketter):<\/strong> Gjentatte overskrifter p\u00e5 sidene kan forvirre brukere av skjermlesere. <strong>Derfor<\/strong> gjennomg\u00e5r vi dette.<\/li>\n<li data-sourcepos=\"7:1-7:302\"><strong>Videoalternativer (WCAG 1.2.3 Lydbeskrivelse eller mediealternativ (forh\u00e5ndsinnspilt) og 1.2.5 Lydbeskrivelse (forh\u00e5ndsinnspilt)):<\/strong> De forh\u00e5ndsinnspilte videoene v\u00e5re, hovedsakelig p\u00e5 YouTube, mangler noen ganger lydbeskrivelser eller omfattende tekstversjoner. <strong>Dette<\/strong> er avgj\u00f8rende for brukere som ikke kan se videoen.<\/li>\n<li data-sourcepos=\"8:1-8:146\"><strong>Tekstavstand (WCAG 1.4.12 Text Spacing):<\/strong> Vi s\u00f8rger for at tekst kan forst\u00f8rres eller spres ut uten at det g\u00e5r ut over innhold eller funksjon.<\/li>\n<li data-sourcepos=\"9:1-9:224\"><strong>Konsekvent identifikasjon (WCAG 3.2.4 Konsekvent identifikasjon)<\/strong>: Noen eldre elementer i nettsidedesignet v\u00e5rt stemmer ikke overens med den oppdaterte stilen v\u00e5r. Dette kan <strong>f\u00f8re<\/strong> til sm\u00e5 uoverensstemmelser i hvordan elementene gjenkjennes.<\/li>\n<li data-sourcepos=\"10:1-10:159\"><strong>Feilforslag (WCAG 3.3.3 Error Suggestion):<\/strong> For v\u00e5re innebygde skjemaer unders\u00f8ker vi hvordan vi kan gi nyttige forslag i tilfelle feilinntasting.<\/li>\n<li data-sourcepos=\"11:1-11:134\"><strong>Fargebruk (WCAG 1.4.1 Bruk av farger):<\/strong> Vi jobber for \u00e5 sikre at farger aldri er den eneste m\u00e5ten \u00e5 formidle viktig informasjon p\u00e5.<\/li>\n<li data-sourcepos=\"12:1-12:158\"><strong>Tekst i bilder (WCAG 1.4.5 Bilder av tekst):<\/strong> Vi minimerer bruken av tekst innebygd i bilder. <strong>Dette<\/strong> forbedrer fleksibiliteten og tilgjengeligheten.<\/li>\n<\/ul>\n<\/div><\/div><\/div><\/section>\n<section class='av_toggle_section av-mc8y90hf-6c16b209a192fbb7dcfc23757a62ca58'  itemscope=\"itemscope\" itemtype=\"https:\/\/schema.org\/CreativeWork\" ><div role=\"tablist\" class=\"single_toggle\" data-tags=\"{Alle} \"  ><p id='toggle-toggle-id-3' data-fake-id='#toggle-id-3' class='toggler  av-title-above av-inherit-border-color'  itemprop=\"headline\"  role='tab' tabindex='0' aria-controls='toggle-id-3' data-slide-speed=\"200\" data-title=\"Hva vi gj\u00f8r for \u00e5 forbedre oss\" data-title-open=\"\" data-aria_collapsed=\"Click to expand: Hva vi gj\u00f8r for \u00e5 forbedre oss\" data-aria_expanded=\"Click to collapse: Hva vi gj\u00f8r for \u00e5 forbedre oss\">Hva vi gj\u00f8r for \u00e5 forbedre oss<span class=\"toggle_icon\"><span class=\"vert_icon\"><\/span><span class=\"hor_icon\"><\/span><\/span><\/p><div id='toggle-id-3' aria-labelledby='toggle-toggle-id-3' role='region' class='toggle_wrap  av-title-above'  ><div class='toggle_content invers-color av-inherit-border-color'  itemprop=\"text\" ><p data-sourcepos=\"3:1-3:102\">Vi arbeider kontinuerlig med \u00e5 forbedre tilgjengeligheten p\u00e5 nettstedet v\u00e5rt. Dette gj\u00f8r vi ved \u00e5: <\/p>\n<ul data-sourcepos=\"5:1-8:70\">\n<li data-sourcepos=\"5:1-5:126\">Vi <strong>gjennomg\u00e5r regelmessig<\/strong> nettstedet v\u00e5rt for \u00e5 se etter tilgjengelighetsproblemer. Dette gj\u00f8res b\u00e5de med automatiserte verkt\u00f8y og manuelle tester. <\/li>\n<li data-sourcepos=\"6:1-6:88\"><strong>Prioriter \u00e5 l\u00f8se<\/strong> identifiserte problemer. Vi fokuserer p\u00e5 de mest kritiske f\u00f8rst. <\/li>\n<li data-sourcepos=\"7:1-7:155\"><strong>Samarbeide<\/strong> med v\u00e5re eksterne innholdsleverand\u00f8rer. M\u00e5let er \u00e5 h\u00e5ndtere tilgjengelighetsbegrensninger i de innebygde komponentene n\u00e5r det er mulig. <\/li>\n<li data-sourcepos=\"8:1-8:70\">Gi innholdsprodusentene v\u00e5re <strong>oppl\u00e6ring<\/strong> i beste praksis for tilgjengelighet.<\/li>\n<\/ul>\n<\/div><\/div><\/div><\/section>\n<\/div><\/p><\/div>\n<style type=\"text\/css\" data-created_by=\"avia_inline_auto\" id=\"style-css-av-mc8siypm-dd295256c2cdd79d428b0ddc343fcc90\">\n.flex_column.av-mc8siypm-dd295256c2cdd79d428b0ddc343fcc90{\nborder-radius:8px 8px 8px 8px;\npadding:24px 24px 24px 24px;\nbackground-color:#188b8b;\n}\n<\/style>\n<div  class='flex_column av-mc8siypm-dd295256c2cdd79d428b0ddc343fcc90 av_one_half  avia-builder-el-3  el_after_av_one_half  avia-builder-el-last  flex_column_div  '     ><style type=\"text\/css\" data-created_by=\"avia_inline_auto\" id=\"style-css-av-mc8sisa8-efc94b566172e6ce28c109cd65b8cd76\">\n#top .av_textblock_section.av-mc8sisa8-efc94b566172e6ce28c109cd65b8cd76 .avia_textblock{\ncolor:#f8f8f8;\n}\n<\/style>\n<section  class='av_textblock_section av-mc8sisa8-efc94b566172e6ce28c109cd65b8cd76 '   itemscope=\"itemscope\" itemtype=\"https:\/\/schema.org\/CreativeWork\" ><div class='avia_textblock av_inherit_color'  itemprop=\"text\" ><h3 data-sourcepos=\"60:1-60:23\">Din mening er viktig!<\/h3>\n<p data-sourcepos=\"3:1-3:142\">Vi tar gjerne imot <strong>tilbakemeldinger<\/strong> om tilgjengeligheten p\u00e5 nettstedet v\u00e5rt. Hvis du st\u00f8ter p\u00e5 noen hindringer n\u00e5r du bruker den, m\u00e5 du ikke n\u00f8le med \u00e5 <strong>kontakte oss<\/strong>.<\/p>\n<ul data-sourcepos=\"5:1-7:0\">\n<li data-sourcepos=\"5:1-5:33\"><strong>E-post:<\/strong> Support@trelson.com<\/li>\n<\/ul>\n<ul data-sourcepos=\"63:1-65:0\">\n<li data-sourcepos=\"64:1-65:0\"><span style=\"text-decoration: underline;\"><a href=\"https:\/\/forms.gle\/KByVLRGwkkUjSdjJ9\" target=\"_blank\" rel=\"noopener\"><strong>Tilbakemeldingsskjema<\/strong><\/a><\/span><\/li>\n<\/ul>\n<p data-sourcepos=\"66:1-66:149\">Vi tar sikte p\u00e5 \u00e5 svare innen <strong>5 virkedager<\/strong>. V\u00e6r oppmerksom p\u00e5 at saker som sendes inn via skjemaet v\u00e5rt, ikke vil f\u00e5 et personlig svar.<\/p>\n<h4 data-sourcepos=\"69:1-69:14\">Autorisasjon<\/h4>\n<p data-sourcepos=\"12:1-12:114\">Denne tilgjengelighetserkl\u00e6ringen er formelt godkjent av: Trelson, Paulina Juhlin &amp; Mimmi Berg, <strong>2025-06-23<\/strong>.<\/p>\n<h4 data-sourcepos=\"73:1-73:20\">Sist oppdatert<\/h4>\n<p data-sourcepos=\"74:1-74:81\">Denne erkl\u00e6ringen ble opprettet <strong>2025-06-23<\/strong>\u00a0og sist oppdatert samme dag.<\/p>\n<\/div><\/section><\/div><\/p>\n","protected":false},"excerpt":{"rendered":"","protected":false},"author":16,"featured_media":0,"parent":0,"menu_order":0,"comment_status":"closed","ping_status":"closed","template":"","meta":{"inline_featured_image":false,"footnotes":""},"class_list":["post-14328","page","type-page","status-publish","hentry"],"yoast_head":"<!-- This site is optimized with the Yoast SEO plugin v27.3 - https:\/\/yoast.com\/product\/yoast-seo-wordpress\/ -->\n<title>Tilgjengelighet - Trelson<\/title>\n<meta name=\"robots\" content=\"index, follow, max-snippet:-1, max-image-preview:large, max-video-preview:-1\" \/>\n<link rel=\"canonical\" href=\"https:\/\/www.trelson.com\/no\/tilgjengelighet\/\" \/>\n<meta property=\"og:locale\" content=\"nb_NO\" \/>\n<meta property=\"og:type\" content=\"article\" \/>\n<meta property=\"og:title\" content=\"Tilgjengelighet - Trelson\" \/>\n<meta property=\"og:url\" content=\"https:\/\/www.trelson.com\/no\/tilgjengelighet\/\" \/>\n<meta property=\"og:site_name\" content=\"Trelson\" \/>\n<meta property=\"article:modified_time\" content=\"2025-06-23T12:14:56+00:00\" \/>\n<meta name=\"twitter:card\" content=\"summary_large_image\" \/>\n<meta name=\"twitter:label1\" content=\"Ansl. lesetid\" \/>\n\t<meta name=\"twitter:data1\" content=\"5 minutter\" \/>\n<script type=\"application\/ld+json\" class=\"yoast-schema-graph\">{\"@context\":\"https:\\\/\\\/schema.org\",\"@graph\":[{\"@type\":\"WebPage\",\"@id\":\"https:\\\/\\\/www.trelson.com\\\/no\\\/tilgjengelighet\\\/\",\"url\":\"https:\\\/\\\/www.trelson.com\\\/no\\\/tilgjengelighet\\\/\",\"name\":\"Tilgjengelighet - Trelson\",\"isPartOf\":{\"@id\":\"https:\\\/\\\/www.trelson.com\\\/#website\"},\"datePublished\":\"2025-06-23T11:34:41+00:00\",\"dateModified\":\"2025-06-23T12:14:56+00:00\",\"breadcrumb\":{\"@id\":\"https:\\\/\\\/www.trelson.com\\\/no\\\/tilgjengelighet\\\/#breadcrumb\"},\"inLanguage\":\"nb-NO\",\"potentialAction\":[{\"@type\":\"ReadAction\",\"target\":[\"https:\\\/\\\/www.trelson.com\\\/no\\\/tilgjengelighet\\\/\"]}]},{\"@type\":\"BreadcrumbList\",\"@id\":\"https:\\\/\\\/www.trelson.com\\\/no\\\/tilgjengelighet\\\/#breadcrumb\",\"itemListElement\":[{\"@type\":\"ListItem\",\"position\":1,\"name\":\"Home\",\"item\":\"https:\\\/\\\/www.trelson.com\\\/no\\\/trelson\\\/\"},{\"@type\":\"ListItem\",\"position\":2,\"name\":\"Tilgjengelighet\"}]},{\"@type\":\"WebSite\",\"@id\":\"https:\\\/\\\/www.trelson.com\\\/#website\",\"url\":\"https:\\\/\\\/www.trelson.com\\\/\",\"name\":\"Trelson\",\"description\":\"The platform for digital exams under your control\",\"potentialAction\":[{\"@type\":\"SearchAction\",\"target\":{\"@type\":\"EntryPoint\",\"urlTemplate\":\"https:\\\/\\\/www.trelson.com\\\/?s={search_term_string}\"},\"query-input\":{\"@type\":\"PropertyValueSpecification\",\"valueRequired\":true,\"valueName\":\"search_term_string\"}}],\"inLanguage\":\"nb-NO\"}]}<\/script>\n<!-- \/ Yoast SEO plugin. -->","yoast_head_json":{"title":"Tilgjengelighet - Trelson","robots":{"index":"index","follow":"follow","max-snippet":"max-snippet:-1","max-image-preview":"max-image-preview:large","max-video-preview":"max-video-preview:-1"},"canonical":"https:\/\/www.trelson.com\/no\/tilgjengelighet\/","og_locale":"nb_NO","og_type":"article","og_title":"Tilgjengelighet - Trelson","og_url":"https:\/\/www.trelson.com\/no\/tilgjengelighet\/","og_site_name":"Trelson","article_modified_time":"2025-06-23T12:14:56+00:00","twitter_card":"summary_large_image","twitter_misc":{"Ansl. lesetid":"5 minutter"},"schema":{"@context":"https:\/\/schema.org","@graph":[{"@type":"WebPage","@id":"https:\/\/www.trelson.com\/no\/tilgjengelighet\/","url":"https:\/\/www.trelson.com\/no\/tilgjengelighet\/","name":"Tilgjengelighet - Trelson","isPartOf":{"@id":"https:\/\/www.trelson.com\/#website"},"datePublished":"2025-06-23T11:34:41+00:00","dateModified":"2025-06-23T12:14:56+00:00","breadcrumb":{"@id":"https:\/\/www.trelson.com\/no\/tilgjengelighet\/#breadcrumb"},"inLanguage":"nb-NO","potentialAction":[{"@type":"ReadAction","target":["https:\/\/www.trelson.com\/no\/tilgjengelighet\/"]}]},{"@type":"BreadcrumbList","@id":"https:\/\/www.trelson.com\/no\/tilgjengelighet\/#breadcrumb","itemListElement":[{"@type":"ListItem","position":1,"name":"Home","item":"https:\/\/www.trelson.com\/no\/trelson\/"},{"@type":"ListItem","position":2,"name":"Tilgjengelighet"}]},{"@type":"WebSite","@id":"https:\/\/www.trelson.com\/#website","url":"https:\/\/www.trelson.com\/","name":"Trelson","description":"The platform for digital exams under your control","potentialAction":[{"@type":"SearchAction","target":{"@type":"EntryPoint","urlTemplate":"https:\/\/www.trelson.com\/?s={search_term_string}"},"query-input":{"@type":"PropertyValueSpecification","valueRequired":true,"valueName":"search_term_string"}}],"inLanguage":"nb-NO"}]}},"_links":{"self":[{"href":"https:\/\/www.trelson.com\/no\/wp-json\/wp\/v2\/pages\/14328","targetHints":{"allow":["GET"]}}],"collection":[{"href":"https:\/\/www.trelson.com\/no\/wp-json\/wp\/v2\/pages"}],"about":[{"href":"https:\/\/www.trelson.com\/no\/wp-json\/wp\/v2\/types\/page"}],"author":[{"embeddable":true,"href":"https:\/\/www.trelson.com\/no\/wp-json\/wp\/v2\/users\/16"}],"replies":[{"embeddable":true,"href":"https:\/\/www.trelson.com\/no\/wp-json\/wp\/v2\/comments?post=14328"}],"version-history":[{"count":2,"href":"https:\/\/www.trelson.com\/no\/wp-json\/wp\/v2\/pages\/14328\/revisions"}],"predecessor-version":[{"id":14341,"href":"https:\/\/www.trelson.com\/no\/wp-json\/wp\/v2\/pages\/14328\/revisions\/14341"}],"wp:attachment":[{"href":"https:\/\/www.trelson.com\/no\/wp-json\/wp\/v2\/media?parent=14328"}],"curies":[{"name":"wp","href":"https:\/\/api.w.org\/{rel}","templated":true}]}}