{"id":12774,"date":"2023-09-02T12:14:12","date_gmt":"2023-09-02T10:14:12","guid":{"rendered":"https:\/\/www.trelson.com\/digitale-eksamener\/"},"modified":"2023-09-02T12:14:12","modified_gmt":"2023-09-02T10:14:12","slug":"digitale-eksamener","status":"publish","type":"page","link":"https:\/\/www.trelson.com\/no\/digitale-eksamener\/","title":{"rendered":"Digitale eksamener"},"content":{"rendered":"<div  class='flex_column av-a8j1qv-9fae7ae6373600967e8d74c5ace366ce av_one_half  avia-builder-el-0  el_before_av_one_half  avia-builder-el-first  first flex_column_div  '     ><section  class='av_textblock_section av-lm1usvim-3aeead004e5741ca67aeb641825bedcf '   itemscope=\"itemscope\" itemtype=\"https:\/\/schema.org\/CreativeWork\" ><div class='avia_textblock'  itemprop=\"text\" ><h1>Digitale eksamener for Google Classroom<\/h1>\n<h3>Trelson Assessment &#8211; det beste verkt\u00f8yet for digitale eksamener for skoler som bruker Google for Education, Google Workspace for Education og Google Classroom<\/h3>\n<p>Hvis skolen din bruker Google for Education, er Trelson Assessment det beste valget for digitale eksamener og vurderinger. Det er bygget p\u00e5 Googles sikre og p\u00e5litelige plattform, noe som gj\u00f8r brukeropplevelsen enkel, velkjent og intuitiv. Trelson Assessment inneholder ogs\u00e5 flere smarte funksjoner og verkt\u00f8y for b\u00e5de elever og l\u00e6rere.<\/p>\n<\/div><\/section><br \/>\n<section  class='av_textblock_section av-lm1ut37j-9bb30d4bf03eb338d77213340803ab25 '   itemscope=\"itemscope\" itemtype=\"https:\/\/schema.org\/CreativeWork\" ><div class='avia_textblock'  itemprop=\"text\" ><h2>Digitale eksamener p\u00e5 en enkel og sikker m\u00e5te<\/h2>\n<p>Trelson Assessment er et digitalt verkt\u00f8y for kunnskapsrapportering og undervisning for skoler som bruker Google for Education. Du kan bruke Trelson Assessment til alle typer vurderinger &#8211; oppgaver, lekser, eksamener, pr\u00f8ver og nasjonale pr\u00f8ver. Alt foreg\u00e5r i et kjent milj\u00f8, noe som gj\u00f8r det sv\u00e6rt enkelt for b\u00e5de l\u00e6rere og elever \u00e5 komme i gang med \u00e5 bruke Trelson Assessment. Ingen forkunnskaper er n\u00f8dvendig, du er i gang p\u00e5 f\u00e5 minutter og sparer mye tid med en gang. B\u00e5de l\u00e6rere og elever bruker Google-kontoene sine til \u00e5 logge inn.    <\/p>\n<h2>L\u00e5st modus hjelper studentene med \u00e5 fokusere p\u00e5 eksamen og forhindrer juks<\/h2>\n<p>Eksamener avlegges p\u00e5 studentens enhet i en sikker, l\u00e5st modus som forhindrer kommunikasjon med andre enheter. L\u00e6rerne kan f\u00f8lge med p\u00e5 studentens arbeid i sanntid. Eleven kan fortsette \u00e5 jobbe selv om nettverkstilkoblingen blir brutt. Alt lagres p\u00e5 Drive, selv om datamaskinen krasjer eller batteriet tar slutt.<\/p>\n<\/div><\/section><\/p><\/div>\n<div  class='flex_column av-8oodhj-468cff492f1ba5d800fe7eaee7693669 av_one_half  avia-builder-el-3  el_after_av_one_half  el_before_av_one_half  flex_column_div  '     ><style type=\"text\/css\" data-created_by=\"avia_inline_auto\" id=\"style-css-av-lm1v20ru-1b9a6513eefd8e751cf637306c20afad\">\n.avia-image-container.av-lm1v20ru-1b9a6513eefd8e751cf637306c20afad img.avia_image{\nbox-shadow:none;\n}\n.avia-image-container.av-lm1v20ru-1b9a6513eefd8e751cf637306c20afad .av-image-caption-overlay-center{\ncolor:#ffffff;\n}\n<\/style>\n<div  class='avia-image-container av-lm1v20ru-1b9a6513eefd8e751cf637306c20afad av-styling- avia-align-center  avia-builder-el-4  avia-builder-el-no-sibling '   itemprop=\"image\" itemscope=\"itemscope\" itemtype=\"https:\/\/schema.org\/ImageObject\" ><div class=\"avia-image-container-inner\"><div class=\"avia-image-overlay-wrap\"><img decoding=\"async\" fetchpriority=\"high\" class='wp-image-12776 avia-img-lazy-loading-not-12776 avia_image ' src=\"https:\/\/www.trelson.com\/wp-content\/uploads\/2023\/09\/online-learning-1.png\" alt='Illustration of a person interacting with a large digital screen showing video and profile elements.' title='online-learning-1'  height=\"500\" width=\"500\"  itemprop=\"thumbnailUrl\" srcset=\"https:\/\/www.trelson.com\/wp-content\/uploads\/2023\/09\/online-learning-1.png 500w, https:\/\/www.trelson.com\/wp-content\/uploads\/2023\/09\/online-learning-1-300x300.png 300w, https:\/\/www.trelson.com\/wp-content\/uploads\/2023\/09\/online-learning-1-80x80.png 80w, https:\/\/www.trelson.com\/wp-content\/uploads\/2023\/09\/online-learning-1-36x36.png 36w, https:\/\/www.trelson.com\/wp-content\/uploads\/2023\/09\/online-learning-1-180x180.png 180w\" sizes=\"(max-width: 500px) 100vw, 500px\" \/><\/div><\/div><\/div><\/div><div  class='flex_column av-7gqsrb-f1d0f5e88a17d26f8653014ea91317c2 av_one_half  avia-builder-el-5  el_after_av_one_half  el_before_av_one_half  first flex_column_div  column-top-margin'     ><section  class='av_textblock_section av-lm1utxay-45df13a59eaa6f650c105199d22ff3e9 '   itemscope=\"itemscope\" itemtype=\"https:\/\/schema.org\/CreativeWork\" ><div class='avia_textblock'  itemprop=\"text\" ><h3>Digitale eksamener for Google Classroom<\/h3>\n<ul>\n<li>For alle typer vurderinger<\/li>\n<li>Bygget for Google Classroom<\/li>\n<li>Kom i gang p\u00e5 f\u00e5 minutter<\/li>\n<li>Enkel \u00e5 bruke<\/li>\n<li>H\u00f8yeste sikkerhetsniv\u00e5<\/li>\n<li>L\u00e5st modus hjelper studentene med \u00e5 fokusere og forhindrer juks<\/li>\n<li>Mulighet til \u00e5 opprette anonyme eksamener<\/li>\n<li>Innebygd hjelpemiddelteknologi<\/li>\n<\/ul>\n<\/div><\/section><\/div><\/p>\n<div  class='flex_column av-60ndbr-1e242ea638ebadb63612da01357799f4 av_one_half  avia-builder-el-7  el_after_av_one_half  el_before_av_one_half  flex_column_div  column-top-margin'     ><section  class='av_textblock_section av-lm1uujbt-a522244d5a61497de64fc93c1cd78514 '   itemscope=\"itemscope\" itemtype=\"https:\/\/schema.org\/CreativeWork\" ><div class='avia_textblock'  itemprop=\"text\" ><h3>For alle typer vurderinger<\/h3>\n<ul>\n<li>Oppgaver<\/li>\n<li>Lekser<\/li>\n<li>Tester<\/li>\n<li>Eksamener<\/li>\n<li>Kunnskapstester<\/li>\n<li>Nasjonale eksamener<\/li>\n<\/ul>\n<\/div><\/section><\/div>\n<div  class='flex_column av-4sdshz-8a486eb25a39fceb0f5f1d6577f1f724 av_one_half  avia-builder-el-9  el_after_av_one_half  el_before_av_one_half  first flex_column_div  column-top-margin'     ><section  class='av_textblock_section av-lm1v5q1a-007b6024e2dcdbc05e18cbc027de3ce9 '   itemscope=\"itemscope\" itemtype=\"https:\/\/schema.org\/CreativeWork\" ><div class='avia_textblock'  itemprop=\"text\" ><h2 style=\"text-align: left;\">Vil du vite mer?<\/h2>\n<p style=\"text-align: left;\">Kontakt oss for mer informasjon, en demo eller for \u00e5 pr\u00f8ve Trelson Assessment gratis.<\/p>\n<\/div><\/section><\/div>\n<div  class='flex_column av-3ag4t3-7caab05d52608a65fc9f40902bb71785 av_one_half  avia-builder-el-11  el_after_av_one_half  el_before_av_textblock  flex_column_div  column-top-margin'     ><\/div>\n<section  class='av_textblock_section av-lm1v6yxp-5b157d8fbcbf836ff9a9ba642c64fea0 '   itemscope=\"itemscope\" itemtype=\"https:\/\/schema.org\/CreativeWork\" ><div class='avia_textblock'  itemprop=\"text\" ><h3>Les mer om digitale eksamener med <a href=\"https:\/\/www.trelson.com\/sv\/assessment\/\">Trelson Assessment<\/a><\/h3>\n<\/div><\/section>\n<div  class='avia-button-wrap av-lm1v7jbf-5d2212da3006efcdbc8708ca89217484-wrap avia-button-center  avia-builder-el-14  el_after_av_textblock  el_before_av_textblock '><a href=''  class='avia-button av-lm1v7jbf-5d2212da3006efcdbc8708ca89217484 av-link-btn avia-icon_select-no avia-size-small avia-position-center avia-color-theme-color'   aria-label=\"Les mer om dette\"><span class='avia_iconbox_title' >Les mer om dette<\/span><\/a><\/div>\n<section  class='av_textblock_section av-lm1vbkx4-90f06a1a0d60e75286385a18c7fb07d1 '   itemscope=\"itemscope\" itemtype=\"https:\/\/schema.org\/CreativeWork\" ><div class='avia_textblock'  itemprop=\"text\" ><p><a href=\"https:\/\/www.onlinepartner.se\">Trelson Assessment er utviklet av Online Partner, Nordens ledende Google-spesialist.<\/a><\/p>\n<\/div><\/section>\n","protected":false},"excerpt":{"rendered":"","protected":false},"author":2,"featured_media":0,"parent":0,"menu_order":9,"comment_status":"closed","ping_status":"closed","template":"","meta":{"inline_featured_image":false,"footnotes":""},"class_list":["post-12774","page","type-page","status-publish","hentry"],"yoast_head":"<!-- This site is optimized with the Yoast SEO plugin v27.3 - https:\/\/yoast.com\/product\/yoast-seo-wordpress\/ -->\n<title>Digitale eksamener - Trelson Vurdering for skoler som bruker Google<\/title>\n<meta name=\"description\" content=\"Hvis skolen din bruker Google for Education, er Trelson Assessment det beste valget for digitale eksamener og vurderinger.\" \/>\n<meta name=\"robots\" content=\"index, follow, max-snippet:-1, max-image-preview:large, max-video-preview:-1\" \/>\n<link rel=\"canonical\" href=\"https:\/\/www.trelson.com\/no\/digitale-eksamener\/\" \/>\n<meta property=\"og:locale\" content=\"nb_NO\" \/>\n<meta property=\"og:type\" content=\"article\" \/>\n<meta property=\"og:title\" content=\"Digitale eksamener - Trelson Vurdering for skoler som bruker Google\" \/>\n<meta property=\"og:description\" content=\"Hvis skolen din bruker Google for Education, er Trelson Assessment det beste valget for digitale eksamener og vurderinger.\" \/>\n<meta property=\"og:url\" content=\"https:\/\/www.trelson.com\/no\/digitale-eksamener\/\" \/>\n<meta property=\"og:site_name\" content=\"Trelson\" \/>\n<meta name=\"twitter:card\" content=\"summary_large_image\" \/>\n<meta name=\"twitter:label1\" content=\"Ansl. lesetid\" \/>\n\t<meta name=\"twitter:data1\" content=\"17 minutter\" \/>\n<script type=\"application\/ld+json\" class=\"yoast-schema-graph\">{\"@context\":\"https:\\\/\\\/schema.org\",\"@graph\":[{\"@type\":\"WebPage\",\"@id\":\"https:\\\/\\\/www.trelson.com\\\/no\\\/digitale-eksamener\\\/\",\"url\":\"https:\\\/\\\/www.trelson.com\\\/no\\\/digitale-eksamener\\\/\",\"name\":\"Digitale eksamener - Trelson Vurdering for skoler som bruker Google\",\"isPartOf\":{\"@id\":\"https:\\\/\\\/www.trelson.com\\\/#website\"},\"datePublished\":\"2023-09-02T10:14:12+00:00\",\"description\":\"Hvis skolen din bruker Google for Education, er Trelson Assessment det beste valget for digitale eksamener og vurderinger.\",\"breadcrumb\":{\"@id\":\"https:\\\/\\\/www.trelson.com\\\/no\\\/digitale-eksamener\\\/#breadcrumb\"},\"inLanguage\":\"nb-NO\",\"potentialAction\":[{\"@type\":\"ReadAction\",\"target\":[\"https:\\\/\\\/www.trelson.com\\\/no\\\/digitale-eksamener\\\/\"]}]},{\"@type\":\"BreadcrumbList\",\"@id\":\"https:\\\/\\\/www.trelson.com\\\/no\\\/digitale-eksamener\\\/#breadcrumb\",\"itemListElement\":[{\"@type\":\"ListItem\",\"position\":1,\"name\":\"Home\",\"item\":\"https:\\\/\\\/www.trelson.com\\\/no\\\/trelson\\\/\"},{\"@type\":\"ListItem\",\"position\":2,\"name\":\"Digitale eksamener\"}]},{\"@type\":\"WebSite\",\"@id\":\"https:\\\/\\\/www.trelson.com\\\/#website\",\"url\":\"https:\\\/\\\/www.trelson.com\\\/\",\"name\":\"Trelson\",\"description\":\"The platform for digital exams under your control\",\"potentialAction\":[{\"@type\":\"SearchAction\",\"target\":{\"@type\":\"EntryPoint\",\"urlTemplate\":\"https:\\\/\\\/www.trelson.com\\\/?s={search_term_string}\"},\"query-input\":{\"@type\":\"PropertyValueSpecification\",\"valueRequired\":true,\"valueName\":\"search_term_string\"}}],\"inLanguage\":\"nb-NO\"}]}<\/script>\n<!-- \/ Yoast SEO plugin. -->","yoast_head_json":{"title":"Digitale eksamener - Trelson Vurdering for skoler som bruker Google","description":"Hvis skolen din bruker Google for Education, er Trelson Assessment det beste valget for digitale eksamener og vurderinger.","robots":{"index":"index","follow":"follow","max-snippet":"max-snippet:-1","max-image-preview":"max-image-preview:large","max-video-preview":"max-video-preview:-1"},"canonical":"https:\/\/www.trelson.com\/no\/digitale-eksamener\/","og_locale":"nb_NO","og_type":"article","og_title":"Digitale eksamener - Trelson Vurdering for skoler som bruker Google","og_description":"Hvis skolen din bruker Google for Education, er Trelson Assessment det beste valget for digitale eksamener og vurderinger.","og_url":"https:\/\/www.trelson.com\/no\/digitale-eksamener\/","og_site_name":"Trelson","twitter_card":"summary_large_image","twitter_misc":{"Ansl. lesetid":"17 minutter"},"schema":{"@context":"https:\/\/schema.org","@graph":[{"@type":"WebPage","@id":"https:\/\/www.trelson.com\/no\/digitale-eksamener\/","url":"https:\/\/www.trelson.com\/no\/digitale-eksamener\/","name":"Digitale eksamener - Trelson Vurdering for skoler som bruker Google","isPartOf":{"@id":"https:\/\/www.trelson.com\/#website"},"datePublished":"2023-09-02T10:14:12+00:00","description":"Hvis skolen din bruker Google for Education, er Trelson Assessment det beste valget for digitale eksamener og vurderinger.","breadcrumb":{"@id":"https:\/\/www.trelson.com\/no\/digitale-eksamener\/#breadcrumb"},"inLanguage":"nb-NO","potentialAction":[{"@type":"ReadAction","target":["https:\/\/www.trelson.com\/no\/digitale-eksamener\/"]}]},{"@type":"BreadcrumbList","@id":"https:\/\/www.trelson.com\/no\/digitale-eksamener\/#breadcrumb","itemListElement":[{"@type":"ListItem","position":1,"name":"Home","item":"https:\/\/www.trelson.com\/no\/trelson\/"},{"@type":"ListItem","position":2,"name":"Digitale eksamener"}]},{"@type":"WebSite","@id":"https:\/\/www.trelson.com\/#website","url":"https:\/\/www.trelson.com\/","name":"Trelson","description":"The platform for digital exams under your control","potentialAction":[{"@type":"SearchAction","target":{"@type":"EntryPoint","urlTemplate":"https:\/\/www.trelson.com\/?s={search_term_string}"},"query-input":{"@type":"PropertyValueSpecification","valueRequired":true,"valueName":"search_term_string"}}],"inLanguage":"nb-NO"}]}},"_links":{"self":[{"href":"https:\/\/www.trelson.com\/no\/wp-json\/wp\/v2\/pages\/12774","targetHints":{"allow":["GET"]}}],"collection":[{"href":"https:\/\/www.trelson.com\/no\/wp-json\/wp\/v2\/pages"}],"about":[{"href":"https:\/\/www.trelson.com\/no\/wp-json\/wp\/v2\/types\/page"}],"author":[{"embeddable":true,"href":"https:\/\/www.trelson.com\/no\/wp-json\/wp\/v2\/users\/2"}],"replies":[{"embeddable":true,"href":"https:\/\/www.trelson.com\/no\/wp-json\/wp\/v2\/comments?post=12774"}],"version-history":[{"count":0,"href":"https:\/\/www.trelson.com\/no\/wp-json\/wp\/v2\/pages\/12774\/revisions"}],"wp:attachment":[{"href":"https:\/\/www.trelson.com\/no\/wp-json\/wp\/v2\/media?parent=12774"}],"curies":[{"name":"wp","href":"https:\/\/api.w.org\/{rel}","templated":true}]}}