{"id":9848,"date":"2024-04-02T14:25:23","date_gmt":"2024-04-02T12:25:23","guid":{"rendered":"https:\/\/www.trelson.com\/?page_id=9848"},"modified":"2024-04-02T16:45:47","modified_gmt":"2024-04-02T14:45:47","slug":"webinar-examenes-digitales-seguros-21-de-mayo-2024","status":"publish","type":"page","link":"https:\/\/www.trelson.com\/es\/event\/webinar-examenes-digitales-seguros-21-de-mayo-2024\/","title":{"rendered":"Webinar Ex\u00e1menes digitales seguros 21 de mayo 2024"},"content":{"rendered":"<div  class='flex_column av-3v2t0t-a169047e220e6841fa0ee0d136611ee6 av_one_half  avia-builder-el-0  el_before_av_one_half  avia-builder-el-first  first flex_column_div  '     ><section  class='av_textblock_section av-ln31jqt7-7472a242b847fb1c46e677c2d8ebaa02 '   itemscope=\"itemscope\" itemtype=\"https:\/\/schema.org\/CreativeWork\" ><div class='avia_textblock'  itemprop=\"text\" ><h1>Ex\u00e1menes digitales seguros<\/h1>\n<h3>Webinar el 21 de mayo con <strong>Rosa Liarte<\/strong> y <strong>Moises Ayala<\/strong><\/h3>\n<p>Entendemos que la adopci\u00f3n de nuevas tecnolog\u00edas puede plantear preguntas y requerir orientaci\u00f3n. Por ello, estamos organizando un Webinar que demostrar\u00e1 c\u00f3mo sacar el m\u00e1ximo provecho de Trelson Assessment en tu entorno educativo. Este evento proporcionar\u00e1 informaci\u00f3n pr\u00e1ctica y responder\u00e1 cualquier pregunta que puedas tener sobre la implementaci\u00f3n de evaluaciones digitales.<\/p>\n<\/div><\/section><\/div><div  class='flex_column av-2eivgd-f3fbbd1a2318a8b34446042a25a2a893 av_one_half  avia-builder-el-2  el_after_av_one_half  el_before_av_one_half  flex_column_div  '     ><style type=\"text\/css\" data-created_by=\"avia_inline_auto\" id=\"style-css-av-luicqwro-8ed571488adc5c0c67d6d14c8abdeffe\">\n.avia-image-container.av-luicqwro-8ed571488adc5c0c67d6d14c8abdeffe img.avia_image{\nbox-shadow:none;\n}\n.avia-image-container.av-luicqwro-8ed571488adc5c0c67d6d14c8abdeffe .av-image-caption-overlay-center{\ncolor:#ffffff;\n}\n<\/style>\n<div  class='avia-image-container av-luicqwro-8ed571488adc5c0c67d6d14c8abdeffe av-styling- avia-align-center  avia-builder-el-3  avia-builder-el-no-sibling '   itemprop=\"image\" itemscope=\"itemscope\" itemtype=\"https:\/\/schema.org\/ImageObject\" ><div class=\"avia-image-container-inner\"><div class=\"avia-image-overlay-wrap\"><img decoding=\"async\" fetchpriority=\"high\" class='wp-image-9857 avia-img-lazy-loading-not-9857 avia_image ' src=\"https:\/\/www.trelson.com\/wp-content\/uploads\/2024\/04\/trelson-assessment-webinar-21-mayo-examenes-digitales-seguros.png\" alt='' title='trelson assessment webinar 21 mayo examenes digitales seguros'  height=\"512\" width=\"512\"  itemprop=\"thumbnailUrl\" srcset=\"https:\/\/www.trelson.com\/wp-content\/uploads\/2024\/04\/trelson-assessment-webinar-21-mayo-examenes-digitales-seguros.png 512w, https:\/\/www.trelson.com\/wp-content\/uploads\/2024\/04\/trelson-assessment-webinar-21-mayo-examenes-digitales-seguros-300x300.png 300w, https:\/\/www.trelson.com\/wp-content\/uploads\/2024\/04\/trelson-assessment-webinar-21-mayo-examenes-digitales-seguros-80x80.png 80w, https:\/\/www.trelson.com\/wp-content\/uploads\/2024\/04\/trelson-assessment-webinar-21-mayo-examenes-digitales-seguros-36x36.png 36w, https:\/\/www.trelson.com\/wp-content\/uploads\/2024\/04\/trelson-assessment-webinar-21-mayo-examenes-digitales-seguros-180x180.png 180w\" sizes=\"(max-width: 512px) 100vw, 512px\" \/><\/div><\/div><\/div><\/div><\/p>\n<div class='flex_column_table av-7hrvql-2a9eaa45c1b636514a61c1da4539c079 sc-av_one_half av-equal-height-column-flextable'>\n<style type=\"text\/css\" data-created_by=\"avia_inline_auto\" id=\"style-css-av-7hrvql-2a9eaa45c1b636514a61c1da4539c079\">\n.flex_column.av-7hrvql-2a9eaa45c1b636514a61c1da4539c079{\nborder-width:4px;\nborder-color:#ffcc83;\nborder-style:dashed;\nborder-radius:5px 5px 5px 5px;\npadding:30px 30px 30px 30px;\n}\n<\/style>\n<div  id=\"book\"  class='flex_column av-7hrvql-2a9eaa45c1b636514a61c1da4539c079 av_one_half  avia-builder-el-4  el_after_av_one_half  el_before_av_one_half  first flex_column_table_cell av-equal-height-column av-align-middle  column-top-margin'     ><section  class='av_textblock_section av-5y8cpp-451e41a9554e90169dae6ba72731883c '   itemscope=\"itemscope\" itemtype=\"https:\/\/schema.org\/CreativeWork\" ><div class='avia_textblock av_inherit_color'  itemprop=\"text\" ><h2>Registrate aqu\u00ed<\/h2>\n<p>Reg\u00edstrate aqu\u00ed para el Webinar. Unos d\u00edas antes te enviaremos el enlace al evento.<\/p>\n<\/div><\/section><br \/>\n<\/p><\/div>\n<div class='av-flex-placeholder'><\/div><div  class='flex_column av-2966q5-46a4e1dacb70c47ec3ad1ddad0e11b99 av_one_half  avia-builder-el-7  el_after_av_one_half  avia-builder-el-last  flex_column_table_cell av-equal-height-column av-align-middle  column-top-margin'     ><style type=\"text\/css\" data-created_by=\"avia_inline_auto\" id=\"style-css-av-lnvwn29r-dee12492b3e25df62d9e3d85c3ba4d89\">\n.avia-image-container.av-lnvwn29r-dee12492b3e25df62d9e3d85c3ba4d89 img.avia_image{\nbox-shadow:none;\n}\n.avia-image-container.av-lnvwn29r-dee12492b3e25df62d9e3d85c3ba4d89 .av-image-caption-overlay-center{\ncolor:#ffffff;\n}\n<\/style>\n<div  class='avia-image-container av-lnvwn29r-dee12492b3e25df62d9e3d85c3ba4d89 av-styling- avia-align-center  avia-builder-el-8  avia-builder-el-no-sibling '   itemprop=\"image\" itemscope=\"itemscope\" itemtype=\"https:\/\/schema.org\/ImageObject\" ><div class=\"avia-image-container-inner\"><div class=\"avia-image-overlay-wrap\"><img decoding=\"async\" fetchpriority=\"high\" class='wp-image-7424 avia-img-lazy-loading-not-7424 avia_image ' src=\"https:\/\/www.trelson.com\/wp-content\/uploads\/2023\/09\/online-exam-1-1-300x300.png\" alt='Trelson Assessment Book a demo' title='online-exam-1-1'  height=\"300\" width=\"300\"  itemprop=\"thumbnailUrl\" srcset=\"https:\/\/www.trelson.com\/wp-content\/uploads\/2023\/09\/online-exam-1-1-300x300.png 300w, https:\/\/www.trelson.com\/wp-content\/uploads\/2023\/09\/online-exam-1-1-80x80.png 80w, https:\/\/www.trelson.com\/wp-content\/uploads\/2023\/09\/online-exam-1-1-36x36.png 36w, https:\/\/www.trelson.com\/wp-content\/uploads\/2023\/09\/online-exam-1-1-180x180.png 180w, https:\/\/www.trelson.com\/wp-content\/uploads\/2023\/09\/online-exam-1-1.png 500w\" sizes=\"(max-width: 300px) 100vw, 300px\" \/><\/div><\/div><\/div><\/div><\/div><!--close column table wrapper. Autoclose: 1 -->\n","protected":false},"excerpt":{"rendered":"","protected":false},"author":2,"featured_media":0,"parent":9849,"menu_order":0,"comment_status":"closed","ping_status":"closed","template":"","meta":{"inline_featured_image":false,"footnotes":""},"class_list":["post-9848","page","type-page","status-publish","hentry"],"yoast_head":"<!-- This site is optimized with the Yoast SEO plugin v27.3 - https:\/\/yoast.com\/product\/yoast-seo-wordpress\/ -->\n<title>Webinar Ex\u00e1menes digitales seguros 21 de mayo 2024 - Trelson<\/title>\n<meta name=\"robots\" content=\"index, follow, max-snippet:-1, max-image-preview:large, max-video-preview:-1\" \/>\n<link rel=\"canonical\" href=\"https:\/\/www.trelson.com\/es\/event\/webinar-examenes-digitales-seguros-21-de-mayo-2024\/\" \/>\n<meta property=\"og:locale\" content=\"es_ES\" \/>\n<meta property=\"og:type\" content=\"article\" \/>\n<meta property=\"og:title\" content=\"Webinar Ex\u00e1menes digitales seguros 21 de mayo 2024 - Trelson\" \/>\n<meta property=\"og:url\" content=\"https:\/\/www.trelson.com\/es\/event\/webinar-examenes-digitales-seguros-21-de-mayo-2024\/\" \/>\n<meta property=\"og:site_name\" content=\"Trelson\" \/>\n<meta property=\"article:modified_time\" content=\"2024-04-02T14:45:47+00:00\" \/>\n<meta name=\"twitter:card\" content=\"summary_large_image\" \/>\n<meta name=\"twitter:label1\" content=\"Tiempo de lectura\" \/>\n\t<meta name=\"twitter:data1\" content=\"1 minuto\" \/>\n<script type=\"application\/ld+json\" class=\"yoast-schema-graph\">{\"@context\":\"https:\\\/\\\/schema.org\",\"@graph\":[{\"@type\":\"WebPage\",\"@id\":\"https:\\\/\\\/www.trelson.com\\\/es\\\/event\\\/webinar-examenes-digitales-seguros-21-de-mayo-2024\\\/\",\"url\":\"https:\\\/\\\/www.trelson.com\\\/es\\\/event\\\/webinar-examenes-digitales-seguros-21-de-mayo-2024\\\/\",\"name\":\"Webinar Ex\u00e1menes digitales seguros 21 de mayo 2024 - Trelson\",\"isPartOf\":{\"@id\":\"https:\\\/\\\/www.trelson.com\\\/#website\"},\"datePublished\":\"2024-04-02T12:25:23+00:00\",\"dateModified\":\"2024-04-02T14:45:47+00:00\",\"breadcrumb\":{\"@id\":\"https:\\\/\\\/www.trelson.com\\\/es\\\/event\\\/webinar-examenes-digitales-seguros-21-de-mayo-2024\\\/#breadcrumb\"},\"inLanguage\":\"es\",\"potentialAction\":[{\"@type\":\"ReadAction\",\"target\":[\"https:\\\/\\\/www.trelson.com\\\/es\\\/event\\\/webinar-examenes-digitales-seguros-21-de-mayo-2024\\\/\"]}]},{\"@type\":\"BreadcrumbList\",\"@id\":\"https:\\\/\\\/www.trelson.com\\\/es\\\/event\\\/webinar-examenes-digitales-seguros-21-de-mayo-2024\\\/#breadcrumb\",\"itemListElement\":[{\"@type\":\"ListItem\",\"position\":1,\"name\":\"Home\",\"item\":\"https:\\\/\\\/www.trelson.com\\\/es\\\/app\\\/\"},{\"@type\":\"ListItem\",\"position\":2,\"name\":\"event\",\"item\":\"https:\\\/\\\/www.trelson.com\\\/es\\\/event\\\/\"},{\"@type\":\"ListItem\",\"position\":3,\"name\":\"Webinar Ex\u00e1menes digitales seguros 21 de mayo 2024\"}]},{\"@type\":\"WebSite\",\"@id\":\"https:\\\/\\\/www.trelson.com\\\/#website\",\"url\":\"https:\\\/\\\/www.trelson.com\\\/\",\"name\":\"Trelson\",\"description\":\"The platform for digital exams under your control\",\"potentialAction\":[{\"@type\":\"SearchAction\",\"target\":{\"@type\":\"EntryPoint\",\"urlTemplate\":\"https:\\\/\\\/www.trelson.com\\\/?s={search_term_string}\"},\"query-input\":{\"@type\":\"PropertyValueSpecification\",\"valueRequired\":true,\"valueName\":\"search_term_string\"}}],\"inLanguage\":\"es\"}]}<\/script>\n<!-- \/ Yoast SEO plugin. -->","yoast_head_json":{"title":"Webinar Ex\u00e1menes digitales seguros 21 de mayo 2024 - Trelson","robots":{"index":"index","follow":"follow","max-snippet":"max-snippet:-1","max-image-preview":"max-image-preview:large","max-video-preview":"max-video-preview:-1"},"canonical":"https:\/\/www.trelson.com\/es\/event\/webinar-examenes-digitales-seguros-21-de-mayo-2024\/","og_locale":"es_ES","og_type":"article","og_title":"Webinar Ex\u00e1menes digitales seguros 21 de mayo 2024 - Trelson","og_url":"https:\/\/www.trelson.com\/es\/event\/webinar-examenes-digitales-seguros-21-de-mayo-2024\/","og_site_name":"Trelson","article_modified_time":"2024-04-02T14:45:47+00:00","twitter_card":"summary_large_image","twitter_misc":{"Tiempo de lectura":"1 minuto"},"schema":{"@context":"https:\/\/schema.org","@graph":[{"@type":"WebPage","@id":"https:\/\/www.trelson.com\/es\/event\/webinar-examenes-digitales-seguros-21-de-mayo-2024\/","url":"https:\/\/www.trelson.com\/es\/event\/webinar-examenes-digitales-seguros-21-de-mayo-2024\/","name":"Webinar Ex\u00e1menes digitales seguros 21 de mayo 2024 - Trelson","isPartOf":{"@id":"https:\/\/www.trelson.com\/#website"},"datePublished":"2024-04-02T12:25:23+00:00","dateModified":"2024-04-02T14:45:47+00:00","breadcrumb":{"@id":"https:\/\/www.trelson.com\/es\/event\/webinar-examenes-digitales-seguros-21-de-mayo-2024\/#breadcrumb"},"inLanguage":"es","potentialAction":[{"@type":"ReadAction","target":["https:\/\/www.trelson.com\/es\/event\/webinar-examenes-digitales-seguros-21-de-mayo-2024\/"]}]},{"@type":"BreadcrumbList","@id":"https:\/\/www.trelson.com\/es\/event\/webinar-examenes-digitales-seguros-21-de-mayo-2024\/#breadcrumb","itemListElement":[{"@type":"ListItem","position":1,"name":"Home","item":"https:\/\/www.trelson.com\/es\/app\/"},{"@type":"ListItem","position":2,"name":"event","item":"https:\/\/www.trelson.com\/es\/event\/"},{"@type":"ListItem","position":3,"name":"Webinar Ex\u00e1menes digitales seguros 21 de mayo 2024"}]},{"@type":"WebSite","@id":"https:\/\/www.trelson.com\/#website","url":"https:\/\/www.trelson.com\/","name":"Trelson","description":"The platform for digital exams under your control","potentialAction":[{"@type":"SearchAction","target":{"@type":"EntryPoint","urlTemplate":"https:\/\/www.trelson.com\/?s={search_term_string}"},"query-input":{"@type":"PropertyValueSpecification","valueRequired":true,"valueName":"search_term_string"}}],"inLanguage":"es"}]}},"_links":{"self":[{"href":"https:\/\/www.trelson.com\/es\/wp-json\/wp\/v2\/pages\/9848","targetHints":{"allow":["GET"]}}],"collection":[{"href":"https:\/\/www.trelson.com\/es\/wp-json\/wp\/v2\/pages"}],"about":[{"href":"https:\/\/www.trelson.com\/es\/wp-json\/wp\/v2\/types\/page"}],"author":[{"embeddable":true,"href":"https:\/\/www.trelson.com\/es\/wp-json\/wp\/v2\/users\/2"}],"replies":[{"embeddable":true,"href":"https:\/\/www.trelson.com\/es\/wp-json\/wp\/v2\/comments?post=9848"}],"version-history":[{"count":7,"href":"https:\/\/www.trelson.com\/es\/wp-json\/wp\/v2\/pages\/9848\/revisions"}],"predecessor-version":[{"id":10350,"href":"https:\/\/www.trelson.com\/es\/wp-json\/wp\/v2\/pages\/9848\/revisions\/10350"}],"up":[{"embeddable":true,"href":"https:\/\/www.trelson.com\/es\/wp-json\/wp\/v2\/pages\/9849"}],"wp:attachment":[{"href":"https:\/\/www.trelson.com\/es\/wp-json\/wp\/v2\/media?parent=9848"}],"curies":[{"name":"wp","href":"https:\/\/api.w.org\/{rel}","templated":true}]}}