{"id":9233,"date":"2023-12-22T10:13:46","date_gmt":"2023-12-22T09:13:46","guid":{"rendered":"https:\/\/www.trelson.com\/formulario-para-nuevos-clientes\/"},"modified":"2023-12-22T11:33:41","modified_gmt":"2023-12-22T10:33:41","slug":"nuevos-clientes","status":"publish","type":"page","link":"https:\/\/www.trelson.com\/es\/nuevos-clientes\/","title":{"rendered":"Nuevos clientes"},"content":{"rendered":"<p><span data-mce-type=\"bookmark\" style=\"display: inline-block; width: 0px; overflow: hidden; line-height: 0;\" class=\"mce_SELRES_start\">\ufeff<\/span><div  class='flex_column av-keald-94dea31f38455b7f4df841d6e771bd12 av_three_fifth  avia-builder-el-0  el_before_av_two_fifth  avia-builder-el-first  first flex_column_div  '     ><section  class='av_textblock_section av-lqge257g-7704c632ec860ba3b757a30f103f6df4 '   itemscope=\"itemscope\" itemtype=\"https:\/\/schema.org\/CreativeWork\" ><div class='avia_textblock'  itemprop=\"text\" ><h1>Nuevo cliente<\/h1>\n<p>Para garantizar una facturaci\u00f3n precisa y una comunicaci\u00f3n sin problemas, por favor proporci\u00f3nenos detalles esenciales sobre su organizaci\u00f3n. Su informaci\u00f3n permanece segura y nos ayuda a adaptar nuestros servicios para satisfacer sus necesidades de manera efectiva.<\/p>\n<p>Complete el formulario a continuaci\u00f3n y nosotros nos encargaremos del resto. \u00a1Gracias por elegirnos!<\/p>\n<\/div><\/section><\/div><span data-mce-type=\"bookmark\" style=\"display: inline-block; width: 0px; overflow: hidden; line-height: 0;\" class=\"mce_SELRES_end\">\ufeff<\/span><\/p>\n<div  class='flex_column av-4lipap-f85a6f253774d9f38ac27fcd25aa751a av_two_fifth  avia-builder-el-2  el_after_av_three_fifth  el_before_av_one_half  flex_column_div  '     ><style type=\"text\/css\" data-created_by=\"avia_inline_auto\" id=\"style-css-av-lqge5hmo-a46702e503ab37c845077076ac239901\">\n.avia-image-container.av-lqge5hmo-a46702e503ab37c845077076ac239901 img.avia_image{\nbox-shadow:none;\n}\n.avia-image-container.av-lqge5hmo-a46702e503ab37c845077076ac239901 .av-image-caption-overlay-center{\ncolor:#ffffff;\n}\n<\/style>\n<div  class='avia-image-container av-lqge5hmo-a46702e503ab37c845077076ac239901 av-styling- avia-align-center  avia-builder-el-3  avia-builder-el-no-sibling '   itemprop=\"image\" itemscope=\"itemscope\" itemtype=\"https:\/\/schema.org\/ImageObject\" ><div class=\"avia-image-container-inner\"><div class=\"avia-image-overlay-wrap\"><img decoding=\"async\" fetchpriority=\"high\" class='wp-image-8654 avia-img-lazy-loading-not-8654 avia_image ' src=\"https:\/\/www.trelson.com\/wp-content\/uploads\/2023\/11\/contact-2-300x300.png\" alt='Trelson Assessment contact' title='contact-2'  height=\"300\" width=\"300\"  itemprop=\"thumbnailUrl\" srcset=\"https:\/\/www.trelson.com\/wp-content\/uploads\/2023\/11\/contact-2-300x300.png 300w, https:\/\/www.trelson.com\/wp-content\/uploads\/2023\/11\/contact-2-80x80.png 80w, https:\/\/www.trelson.com\/wp-content\/uploads\/2023\/11\/contact-2-36x36.png 36w, https:\/\/www.trelson.com\/wp-content\/uploads\/2023\/11\/contact-2-180x180.png 180w, https:\/\/www.trelson.com\/wp-content\/uploads\/2023\/11\/contact-2.png 500w\" sizes=\"(max-width: 300px) 100vw, 300px\" \/><\/div><\/div><\/div><\/div>\n\n<style type=\"text\/css\" data-created_by=\"avia_inline_auto\" id=\"style-css-av-lqge3d4g-d842b55175ed9041bd59eaae7cb539e3\">\n.flex_column.av-lqge3d4g-d842b55175ed9041bd59eaae7cb539e3{\nborder-width:4px;\nborder-color:#76ada8;\nborder-style:dashed;\npadding:30px 30px 30px 30px;\nbackground-color:#ffffff;\n}\n<\/style>\n<div  class='flex_column av-lqge3d4g-d842b55175ed9041bd59eaae7cb539e3 av_one_half  avia-builder-el-4  el_after_av_two_fifth  el_before_av_one_half  first flex_column_div  '     ><section  class='av_textblock_section av-lqge7had-0f7d6995ed21a7961cdab2e884a1f80d '   itemscope=\"itemscope\" itemtype=\"https:\/\/schema.org\/CreativeWork\" ><div class='avia_textblock'  itemprop=\"text\" ><h3>Complete los campos de informaci\u00f3n a continuaci\u00f3n<\/h3>\n<\/div><\/section><br \/>\n\n<style type=\"text\/css\" data-created_by=\"avia_inline_auto\" id=\"style-css-av-lqgeqreq-679418891178a195587d515ad0cac8a1\">\n#top .hr.hr-invisible.av-lqgeqreq-679418891178a195587d515ad0cac8a1{\nheight:25px;\n}\n<\/style>\n<div  class='hr av-lqgeqreq-679418891178a195587d515ad0cac8a1 hr-invisible  avia-builder-el-6  el_after_av_textblock  el_before_av_codeblock '><span class='hr-inner '><span class=\"hr-inner-style\"><\/span><\/span><\/div><br \/>\n<\/p><\/div><div  class='flex_column av-2eaz9d-d3315447ee1af76592e9b456fd1d3efa av_one_half  avia-builder-el-8  el_after_av_one_half  el_before_av_hr  flex_column_div  '     ><\/div><\/p>\n\n<style type=\"text\/css\" data-created_by=\"avia_inline_auto\" id=\"style-css-av-lqgepmmp-fa3d73f781365a8e88004f632eb38f15\">\n#top .hr.hr-invisible.av-lqgepmmp-fa3d73f781365a8e88004f632eb38f15{\nheight:50px;\n}\n<\/style>\n<div  class='hr av-lqgepmmp-fa3d73f781365a8e88004f632eb38f15 hr-invisible  avia-builder-el-9  el_after_av_one_half  avia-builder-el-last '><span class='hr-inner '><span class=\"hr-inner-style\"><\/span><\/span><\/div>\n","protected":false},"excerpt":{"rendered":"<p>\ufeff\ufeff<\/p>\n","protected":false},"author":10,"featured_media":0,"parent":0,"menu_order":0,"comment_status":"closed","ping_status":"closed","template":"","meta":{"inline_featured_image":false,"footnotes":""},"class_list":["post-9233","page","type-page","status-publish","hentry"],"yoast_head":"<!-- This site is optimized with the Yoast SEO plugin v27.1.1 - https:\/\/yoast.com\/product\/yoast-seo-wordpress\/ -->\n<title>Nuevos clientes - Trelson<\/title>\n<meta name=\"description\" content=\"\u00bfA punto de usar Trelson en tu escuela u organizaci\u00f3n? Complete nuestro formulario para nuevos clientes para asegurarnos de tener la informaci\u00f3n correcta.\" \/>\n<meta name=\"robots\" content=\"index, follow, max-snippet:-1, max-image-preview:large, max-video-preview:-1\" \/>\n<link rel=\"canonical\" href=\"https:\/\/www.trelson.com\/es\/nuevos-clientes\/\" \/>\n<meta property=\"og:locale\" content=\"es_ES\" \/>\n<meta property=\"og:type\" content=\"article\" \/>\n<meta property=\"og:title\" content=\"Nuevos clientes - Trelson\" \/>\n<meta property=\"og:description\" content=\"\u00bfA punto de usar Trelson en tu escuela u organizaci\u00f3n? Complete nuestro formulario para nuevos clientes para asegurarnos de tener la informaci\u00f3n correcta.\" \/>\n<meta property=\"og:url\" content=\"https:\/\/www.trelson.com\/es\/nuevos-clientes\/\" \/>\n<meta property=\"og:site_name\" content=\"Trelson\" \/>\n<meta property=\"article:modified_time\" content=\"2023-12-22T10:33:41+00:00\" \/>\n<meta name=\"twitter:card\" content=\"summary_large_image\" \/>\n<meta name=\"twitter:label1\" content=\"Tiempo de lectura\" \/>\n\t<meta name=\"twitter:data1\" content=\"4 minutos\" \/>\n<script type=\"application\/ld+json\" class=\"yoast-schema-graph\">{\"@context\":\"https:\/\/schema.org\",\"@graph\":[{\"@type\":\"WebPage\",\"@id\":\"https:\/\/www.trelson.com\/es\/nuevos-clientes\/\",\"url\":\"https:\/\/www.trelson.com\/es\/nuevos-clientes\/\",\"name\":\"Nuevos clientes - Trelson\",\"isPartOf\":{\"@id\":\"https:\/\/www.trelson.com\/#website\"},\"datePublished\":\"2023-12-22T09:13:46+00:00\",\"dateModified\":\"2023-12-22T10:33:41+00:00\",\"description\":\"\u00bfA punto de usar Trelson en tu escuela u organizaci\u00f3n? Complete nuestro formulario para nuevos clientes para asegurarnos de tener la informaci\u00f3n correcta.\",\"breadcrumb\":{\"@id\":\"https:\/\/www.trelson.com\/es\/nuevos-clientes\/#breadcrumb\"},\"inLanguage\":\"es\",\"potentialAction\":[{\"@type\":\"ReadAction\",\"target\":[\"https:\/\/www.trelson.com\/es\/nuevos-clientes\/\"]}]},{\"@type\":\"BreadcrumbList\",\"@id\":\"https:\/\/www.trelson.com\/es\/nuevos-clientes\/#breadcrumb\",\"itemListElement\":[{\"@type\":\"ListItem\",\"position\":1,\"name\":\"Home\",\"item\":\"https:\/\/www.trelson.com\/es\/app\/\"},{\"@type\":\"ListItem\",\"position\":2,\"name\":\"Nuevos clientes\"}]},{\"@type\":\"WebSite\",\"@id\":\"https:\/\/www.trelson.com\/#website\",\"url\":\"https:\/\/www.trelson.com\/\",\"name\":\"Trelson\",\"description\":\"The platform for digital exams under your control\",\"potentialAction\":[{\"@type\":\"SearchAction\",\"target\":{\"@type\":\"EntryPoint\",\"urlTemplate\":\"https:\/\/www.trelson.com\/?s={search_term_string}\"},\"query-input\":{\"@type\":\"PropertyValueSpecification\",\"valueRequired\":true,\"valueName\":\"search_term_string\"}}],\"inLanguage\":\"es\"}]}<\/script>\n<!-- \/ Yoast SEO plugin. -->","yoast_head_json":{"title":"Nuevos clientes - Trelson","description":"\u00bfA punto de usar Trelson en tu escuela u organizaci\u00f3n? Complete nuestro formulario para nuevos clientes para asegurarnos de tener la informaci\u00f3n correcta.","robots":{"index":"index","follow":"follow","max-snippet":"max-snippet:-1","max-image-preview":"max-image-preview:large","max-video-preview":"max-video-preview:-1"},"canonical":"https:\/\/www.trelson.com\/es\/nuevos-clientes\/","og_locale":"es_ES","og_type":"article","og_title":"Nuevos clientes - Trelson","og_description":"\u00bfA punto de usar Trelson en tu escuela u organizaci\u00f3n? Complete nuestro formulario para nuevos clientes para asegurarnos de tener la informaci\u00f3n correcta.","og_url":"https:\/\/www.trelson.com\/es\/nuevos-clientes\/","og_site_name":"Trelson","article_modified_time":"2023-12-22T10:33:41+00:00","twitter_card":"summary_large_image","twitter_misc":{"Tiempo de lectura":"4 minutos"},"schema":{"@context":"https:\/\/schema.org","@graph":[{"@type":"WebPage","@id":"https:\/\/www.trelson.com\/es\/nuevos-clientes\/","url":"https:\/\/www.trelson.com\/es\/nuevos-clientes\/","name":"Nuevos clientes - Trelson","isPartOf":{"@id":"https:\/\/www.trelson.com\/#website"},"datePublished":"2023-12-22T09:13:46+00:00","dateModified":"2023-12-22T10:33:41+00:00","description":"\u00bfA punto de usar Trelson en tu escuela u organizaci\u00f3n? Complete nuestro formulario para nuevos clientes para asegurarnos de tener la informaci\u00f3n correcta.","breadcrumb":{"@id":"https:\/\/www.trelson.com\/es\/nuevos-clientes\/#breadcrumb"},"inLanguage":"es","potentialAction":[{"@type":"ReadAction","target":["https:\/\/www.trelson.com\/es\/nuevos-clientes\/"]}]},{"@type":"BreadcrumbList","@id":"https:\/\/www.trelson.com\/es\/nuevos-clientes\/#breadcrumb","itemListElement":[{"@type":"ListItem","position":1,"name":"Home","item":"https:\/\/www.trelson.com\/es\/app\/"},{"@type":"ListItem","position":2,"name":"Nuevos clientes"}]},{"@type":"WebSite","@id":"https:\/\/www.trelson.com\/#website","url":"https:\/\/www.trelson.com\/","name":"Trelson","description":"The platform for digital exams under your control","potentialAction":[{"@type":"SearchAction","target":{"@type":"EntryPoint","urlTemplate":"https:\/\/www.trelson.com\/?s={search_term_string}"},"query-input":{"@type":"PropertyValueSpecification","valueRequired":true,"valueName":"search_term_string"}}],"inLanguage":"es"}]}},"_links":{"self":[{"href":"https:\/\/www.trelson.com\/es\/wp-json\/wp\/v2\/pages\/9233","targetHints":{"allow":["GET"]}}],"collection":[{"href":"https:\/\/www.trelson.com\/es\/wp-json\/wp\/v2\/pages"}],"about":[{"href":"https:\/\/www.trelson.com\/es\/wp-json\/wp\/v2\/types\/page"}],"author":[{"embeddable":true,"href":"https:\/\/www.trelson.com\/es\/wp-json\/wp\/v2\/users\/10"}],"replies":[{"embeddable":true,"href":"https:\/\/www.trelson.com\/es\/wp-json\/wp\/v2\/comments?post=9233"}],"version-history":[{"count":4,"href":"https:\/\/www.trelson.com\/es\/wp-json\/wp\/v2\/pages\/9233\/revisions"}],"predecessor-version":[{"id":9244,"href":"https:\/\/www.trelson.com\/es\/wp-json\/wp\/v2\/pages\/9233\/revisions\/9244"}],"wp:attachment":[{"href":"https:\/\/www.trelson.com\/es\/wp-json\/wp\/v2\/media?parent=9233"}],"curies":[{"name":"wp","href":"https:\/\/api.w.org\/{rel}","templated":true}]}}