{"id":8912,"date":"2023-09-02T12:14:12","date_gmt":"2023-09-02T10:14:12","guid":{"rendered":"https:\/\/www.trelson.com\/?page_id=8912"},"modified":"2023-11-14T13:49:38","modified_gmt":"2023-11-14T12:49:38","slug":"examenes-digitales","status":"publish","type":"page","link":"https:\/\/www.trelson.com\/es\/examenes-digitales\/","title":{"rendered":"Ex\u00e1menes digitales"},"content":{"rendered":"<div  class='flex_column av-a8j1qv-9fae7ae6373600967e8d74c5ace366ce av_one_half  avia-builder-el-0  el_before_av_one_half  avia-builder-el-first  first flex_column_div  '     ><section  class='av_textblock_section av-lm1usvim-3aeead004e5741ca67aeb641825bedcf '   itemscope=\"itemscope\" itemtype=\"https:\/\/schema.org\/CreativeWork\" ><div class='avia_textblock'  itemprop=\"text\" ><h1>Digital exams for Google Classroom ES<\/h1>\n<h3>Trelsson Assessment &#8211; b\u00e4sta verktyget f\u00f6r digitala prov f\u00f6r skolor som anv\u00e4nder Google for Education, Google Workspace for Education och Google Classroom<\/h3>\n<p>Om din skola anv\u00e4nder Google for Education, \u00e4r Trelson Assessment det b\u00e4sta valet f\u00f6r att genomf\u00f6ra digitala prov och kunskapsutv\u00e4rderingar. Trelson Assessment \u00e4r utvecklat p\u00e5 Googles s\u00e4kra, stabila plattform som g\u00f6r att anv\u00e4ndarupplevelsen blir okomplicerad, v\u00e4lk\u00e4nd och intuitiv. Trelson Assessment inneh\u00e5ller ocks\u00e5 flera smarta funktioner och hj\u00e4lpmedel f\u00f6r b\u00e5de elever och l\u00e4rare.<\/p>\n<\/div><\/section><br \/>\n<section  class='av_textblock_section av-lm1ut37j-9bb30d4bf03eb338d77213340803ab25 '   itemscope=\"itemscope\" itemtype=\"https:\/\/schema.org\/CreativeWork\" ><div class='avia_textblock'  itemprop=\"text\" ><h2>Digitala prov p\u00e5 ett enkelt och s\u00e4kert s\u00e4tt<\/h2>\n<p>Trelson Assessment \u00e4r ett digitalt verktyg f\u00f6r kunskapsredovisning och undervisning i skolor som anv\u00e4nder Google for Education. Du kan anv\u00e4nda Trelson Assessment till alla former av kunskapsutv\u00e4rdering \u2013 uppgifter, l\u00e4xf\u00f6rh\u00f6r, prov, examinationer och nationella prov. Allt sker i en v\u00e4lbekant milj\u00f6 vilket g\u00f6r det mycket enkelt f\u00f6r b\u00e5de l\u00e4rare och elever att komma ig\u00e5ng och b\u00f6rja anv\u00e4nda Trelson Assessment. Det beh\u00f6vs inga f\u00f6rkunskaper, du \u00e4r ig\u00e5ng p\u00e5 ett par minuter och sparar mycket tid direkt. B\u00e5de l\u00e4rare och elever anv\u00e4nder sitt Googlekonto f\u00f6r att logga in.<\/p>\n<h2>Skapa fokus och f\u00f6rhindra fusk med l\u00e5st l\u00e4ge<\/h2>\n<p>Prov utf\u00f6rs p\u00e5 elevens enhet i l\u00e5st l\u00e4ge utan m\u00f6jlighet att kommunicera med andra enheter och l\u00e4rare kan f\u00f6lja elevens arbete arbetet i realtid. Eleven kan forts\u00e4tta arbetet \u00e4ven om n\u00e4tverksuppkopplingen bryts. Allt sparas p\u00e5 Drive, \u00e4ven om datorn kraschar eller batteriet laddar ur.<\/p>\n<\/div><\/section><\/p><\/div><div  class='flex_column av-8oodhj-468cff492f1ba5d800fe7eaee7693669 av_one_half  avia-builder-el-3  el_after_av_one_half  el_before_av_one_half  flex_column_div  '     ><style type=\"text\/css\" data-created_by=\"avia_inline_auto\" id=\"style-css-av-lm1v20ru-1b9a6513eefd8e751cf637306c20afad\">\n.avia-image-container.av-lm1v20ru-1b9a6513eefd8e751cf637306c20afad img.avia_image{\nbox-shadow:none;\n}\n.avia-image-container.av-lm1v20ru-1b9a6513eefd8e751cf637306c20afad .av-image-caption-overlay-center{\ncolor:#ffffff;\n}\n<\/style>\n<div  class='avia-image-container av-lm1v20ru-1b9a6513eefd8e751cf637306c20afad av-styling- avia-align-center  avia-builder-el-4  avia-builder-el-no-sibling '   itemprop=\"image\" itemscope=\"itemscope\" itemtype=\"https:\/\/schema.org\/ImageObject\" ><div class=\"avia-image-container-inner\"><div class=\"avia-image-overlay-wrap\"><img decoding=\"async\" fetchpriority=\"high\" class='wp-image-7421 avia-img-lazy-loading-not-7421 avia_image ' src=\"https:\/\/www.trelson.com\/wp-content\/uploads\/2023\/09\/online-learning-1.png\" alt='digitala prov' title='online-learning-1'  height=\"500\" width=\"500\"  itemprop=\"thumbnailUrl\" srcset=\"https:\/\/www.trelson.com\/wp-content\/uploads\/2023\/09\/online-learning-1.png 500w, https:\/\/www.trelson.com\/wp-content\/uploads\/2023\/09\/online-learning-1-300x300.png 300w, https:\/\/www.trelson.com\/wp-content\/uploads\/2023\/09\/online-learning-1-80x80.png 80w, https:\/\/www.trelson.com\/wp-content\/uploads\/2023\/09\/online-learning-1-36x36.png 36w, https:\/\/www.trelson.com\/wp-content\/uploads\/2023\/09\/online-learning-1-180x180.png 180w\" sizes=\"(max-width: 500px) 100vw, 500px\" \/><\/div><\/div><\/div><\/div><\/p>\n<div  class='flex_column av-7gqsrb-f1d0f5e88a17d26f8653014ea91317c2 av_one_half  avia-builder-el-5  el_after_av_one_half  el_before_av_one_half  first flex_column_div  column-top-margin'     ><section  class='av_textblock_section av-lm1utxay-45df13a59eaa6f650c105199d22ff3e9 '   itemscope=\"itemscope\" itemtype=\"https:\/\/schema.org\/CreativeWork\" ><div class='avia_textblock'  itemprop=\"text\" ><h3>Digitala prov f\u00f6r Google Classroom<\/h3>\n<ul>\n<li>F\u00f6r alla typer av prov och kunskapsredovisning<\/li>\n<li>Utvecklat f\u00f6r Google Classroom<\/li>\n<li>Snabbt att komma ig\u00e5ng<\/li>\n<li>Enklet att anv\u00e4nda<\/li>\n<li>H\u00f6gsta s\u00e4kerhet<\/li>\n<li>L\u00e5st l\u00e4ge skapar foksu och f\u00f6rhindrar fusk<\/li>\n<li>M\u00f6jlighet till anonyma prov<\/li>\n<li>Inbyggd assisterande teknik<\/li>\n<\/ul>\n<\/div><\/section><\/div>\n<div  class='flex_column av-60ndbr-1e242ea638ebadb63612da01357799f4 av_one_half  avia-builder-el-7  el_after_av_one_half  el_before_av_one_half  flex_column_div  column-top-margin'     ><section  class='av_textblock_section av-lm1uujbt-a522244d5a61497de64fc93c1cd78514 '   itemscope=\"itemscope\" itemtype=\"https:\/\/schema.org\/CreativeWork\" ><div class='avia_textblock'  itemprop=\"text\" ><h3>F\u00f6r alla typer av prov<\/h3>\n<ul>\n<li>Uppgifter<\/li>\n<li>L\u00e4xf\u00f6rh\u00f6r<\/li>\n<li>Prov<\/li>\n<li>Examinationer<\/li>\n<li>Kunskapstest<\/li>\n<li>Nationella prov<\/li>\n<\/ul>\n<\/div><\/section><\/div>\n<div  class='flex_column av-4sdshz-8a486eb25a39fceb0f5f1d6577f1f724 av_one_half  avia-builder-el-9  el_after_av_one_half  el_before_av_one_half  first flex_column_div  column-top-margin'     ><section  class='av_textblock_section av-lm1v5q1a-007b6024e2dcdbc05e18cbc027de3ce9 '   itemscope=\"itemscope\" itemtype=\"https:\/\/schema.org\/CreativeWork\" ><div class='avia_textblock'  itemprop=\"text\" ><h2 style=\"text-align: left;\">Vill du veta mer?<\/h2>\n<p style=\"text-align: left;\">Kontakta oss f\u00f6r mer information, en demonstration eller f\u00f6r att testa Trelson Assessment kostnadsfritt.<\/p>\n<\/div><\/section><\/div>\n<div  class='flex_column av-3ag4t3-7caab05d52608a65fc9f40902bb71785 av_one_half  avia-builder-el-11  el_after_av_one_half  el_before_av_textblock  flex_column_div  column-top-margin'     ><\/div>\n<section  class='av_textblock_section av-lm1v6yxp-5b157d8fbcbf836ff9a9ba642c64fea0 '   itemscope=\"itemscope\" itemtype=\"https:\/\/schema.org\/CreativeWork\" ><div class='avia_textblock'  itemprop=\"text\" ><h3>L\u00e4s mer om digitala prov med <a href=\"https:\/\/www.trelson.com\/sv\/assessment\/\">Trelson Assessment<\/a><\/h3>\n<\/div><\/section>\n<div  class='avia-button-wrap av-lm1v7jbf-47a221564b1b0943c6f7ef48e4913c23-wrap avia-button-center  avia-builder-el-14  el_after_av_textblock  el_before_av_textblock '><a href=''  class='avia-button av-lm1v7jbf-47a221564b1b0943c6f7ef48e4913c23 av-link-btn avia-icon_select-no avia-size-small avia-position-center avia-color-theme-color'   aria-label=\"L\u00e4s mer\"><span class='avia_iconbox_title' >L\u00e4s mer<\/span><\/a><\/div>\n<section  class='av_textblock_section av-lm1vbkx4-90f06a1a0d60e75286385a18c7fb07d1 '   itemscope=\"itemscope\" itemtype=\"https:\/\/schema.org\/CreativeWork\" ><div class='avia_textblock'  itemprop=\"text\" ><p>Trelson Assessment \u00e4r utvecklat av <a href=\"https:\/\/www.onlinepartner.se\">Online Partner<\/a> &#8211; Nordens ledande Googlespecialister<\/p>\n<\/div><\/section>\n","protected":false},"excerpt":{"rendered":"","protected":false},"author":2,"featured_media":0,"parent":0,"menu_order":9,"comment_status":"closed","ping_status":"closed","template":"","meta":{"inline_featured_image":false,"footnotes":""},"class_list":["post-8912","page","type-page","status-publish","hentry"],"yoast_head":"<!-- This site is optimized with the Yoast SEO plugin v27.3 - https:\/\/yoast.com\/product\/yoast-seo-wordpress\/ -->\n<title>Ex\u00e1menes digitales - Trelson<\/title>\n<meta name=\"robots\" content=\"index, follow, max-snippet:-1, max-image-preview:large, max-video-preview:-1\" \/>\n<link rel=\"canonical\" href=\"https:\/\/www.trelson.com\/digital-exams\/\" \/>\n<meta property=\"og:locale\" content=\"es_ES\" \/>\n<meta property=\"og:type\" content=\"article\" \/>\n<meta property=\"og:title\" content=\"Ex\u00e1menes digitales - Trelson\" \/>\n<meta property=\"og:url\" content=\"https:\/\/www.trelson.com\/digital-exams\/\" \/>\n<meta property=\"og:site_name\" content=\"Trelson\" \/>\n<meta property=\"article:modified_time\" content=\"2023-11-14T12:49:38+00:00\" \/>\n<meta name=\"twitter:card\" content=\"summary_large_image\" \/>\n<meta name=\"twitter:label1\" content=\"Tiempo de lectura\" \/>\n\t<meta name=\"twitter:data1\" content=\"7 minutos\" \/>\n<script type=\"application\/ld+json\" class=\"yoast-schema-graph\">{\"@context\":\"https:\\\/\\\/schema.org\",\"@graph\":[{\"@type\":\"WebPage\",\"@id\":\"https:\\\/\\\/www.trelson.com\\\/digital-exams\\\/\",\"url\":\"https:\\\/\\\/www.trelson.com\\\/digital-exams\\\/\",\"name\":\"Ex\u00e1menes digitales - Trelson\",\"isPartOf\":{\"@id\":\"https:\\\/\\\/www.trelson.com\\\/#website\"},\"datePublished\":\"2023-09-02T10:14:12+00:00\",\"dateModified\":\"2023-11-14T12:49:38+00:00\",\"breadcrumb\":{\"@id\":\"https:\\\/\\\/www.trelson.com\\\/digital-exams\\\/#breadcrumb\"},\"inLanguage\":\"es\",\"potentialAction\":[{\"@type\":\"ReadAction\",\"target\":[\"https:\\\/\\\/www.trelson.com\\\/digital-exams\\\/\"]}]},{\"@type\":\"BreadcrumbList\",\"@id\":\"https:\\\/\\\/www.trelson.com\\\/digital-exams\\\/#breadcrumb\",\"itemListElement\":[{\"@type\":\"ListItem\",\"position\":1,\"name\":\"Home\",\"item\":\"https:\\\/\\\/www.trelson.com\\\/es\\\/app\\\/\"},{\"@type\":\"ListItem\",\"position\":2,\"name\":\"Ex\u00e1menes digitales\"}]},{\"@type\":\"WebSite\",\"@id\":\"https:\\\/\\\/www.trelson.com\\\/#website\",\"url\":\"https:\\\/\\\/www.trelson.com\\\/\",\"name\":\"Trelson\",\"description\":\"The platform for digital exams under your control\",\"potentialAction\":[{\"@type\":\"SearchAction\",\"target\":{\"@type\":\"EntryPoint\",\"urlTemplate\":\"https:\\\/\\\/www.trelson.com\\\/?s={search_term_string}\"},\"query-input\":{\"@type\":\"PropertyValueSpecification\",\"valueRequired\":true,\"valueName\":\"search_term_string\"}}],\"inLanguage\":\"es\"}]}<\/script>\n<!-- \/ Yoast SEO plugin. -->","yoast_head_json":{"title":"Ex\u00e1menes digitales - Trelson","robots":{"index":"index","follow":"follow","max-snippet":"max-snippet:-1","max-image-preview":"max-image-preview:large","max-video-preview":"max-video-preview:-1"},"canonical":"https:\/\/www.trelson.com\/digital-exams\/","og_locale":"es_ES","og_type":"article","og_title":"Ex\u00e1menes digitales - Trelson","og_url":"https:\/\/www.trelson.com\/digital-exams\/","og_site_name":"Trelson","article_modified_time":"2023-11-14T12:49:38+00:00","twitter_card":"summary_large_image","twitter_misc":{"Tiempo de lectura":"7 minutos"},"schema":{"@context":"https:\/\/schema.org","@graph":[{"@type":"WebPage","@id":"https:\/\/www.trelson.com\/digital-exams\/","url":"https:\/\/www.trelson.com\/digital-exams\/","name":"Ex\u00e1menes digitales - Trelson","isPartOf":{"@id":"https:\/\/www.trelson.com\/#website"},"datePublished":"2023-09-02T10:14:12+00:00","dateModified":"2023-11-14T12:49:38+00:00","breadcrumb":{"@id":"https:\/\/www.trelson.com\/digital-exams\/#breadcrumb"},"inLanguage":"es","potentialAction":[{"@type":"ReadAction","target":["https:\/\/www.trelson.com\/digital-exams\/"]}]},{"@type":"BreadcrumbList","@id":"https:\/\/www.trelson.com\/digital-exams\/#breadcrumb","itemListElement":[{"@type":"ListItem","position":1,"name":"Home","item":"https:\/\/www.trelson.com\/es\/app\/"},{"@type":"ListItem","position":2,"name":"Ex\u00e1menes digitales"}]},{"@type":"WebSite","@id":"https:\/\/www.trelson.com\/#website","url":"https:\/\/www.trelson.com\/","name":"Trelson","description":"The platform for digital exams under your control","potentialAction":[{"@type":"SearchAction","target":{"@type":"EntryPoint","urlTemplate":"https:\/\/www.trelson.com\/?s={search_term_string}"},"query-input":{"@type":"PropertyValueSpecification","valueRequired":true,"valueName":"search_term_string"}}],"inLanguage":"es"}]}},"_links":{"self":[{"href":"https:\/\/www.trelson.com\/es\/wp-json\/wp\/v2\/pages\/8912","targetHints":{"allow":["GET"]}}],"collection":[{"href":"https:\/\/www.trelson.com\/es\/wp-json\/wp\/v2\/pages"}],"about":[{"href":"https:\/\/www.trelson.com\/es\/wp-json\/wp\/v2\/types\/page"}],"author":[{"embeddable":true,"href":"https:\/\/www.trelson.com\/es\/wp-json\/wp\/v2\/users\/2"}],"replies":[{"embeddable":true,"href":"https:\/\/www.trelson.com\/es\/wp-json\/wp\/v2\/comments?post=8912"}],"version-history":[{"count":3,"href":"https:\/\/www.trelson.com\/es\/wp-json\/wp\/v2\/pages\/8912\/revisions"}],"predecessor-version":[{"id":8915,"href":"https:\/\/www.trelson.com\/es\/wp-json\/wp\/v2\/pages\/8912\/revisions\/8915"}],"wp:attachment":[{"href":"https:\/\/www.trelson.com\/es\/wp-json\/wp\/v2\/media?parent=8912"}],"curies":[{"name":"wp","href":"https:\/\/api.w.org\/{rel}","templated":true}]}}