{"id":8901,"date":"2023-09-20T16:15:17","date_gmt":"2023-09-20T14:15:17","guid":{"rendered":"https:\/\/www.trelson.com\/?page_id=8901"},"modified":"2023-11-29T16:45:55","modified_gmt":"2023-11-29T15:45:55","slug":"cuenta-demo","status":"publish","type":"page","link":"https:\/\/www.trelson.com\/es\/app\/cuenta-demo\/","title":{"rendered":"Cuenta demo"},"content":{"rendered":"<div  class='flex_column av-lrc6z-48a5dd07e7284e4b799abb40d623fc36 av_one_half  avia-builder-el-0  el_before_av_one_half  avia-builder-el-first  first flex_column_div  '     ><section  class='av_textblock_section av-lmrtjxfq-cf261e02e12d67306152e478d36f24e9 '   itemscope=\"itemscope\" itemtype=\"https:\/\/schema.org\/CreativeWork\" ><div class='avia_textblock'  itemprop=\"text\" ><h1 data-pm-slice=\"1 1 &#091;\">Prueba Trelson Assessment en un entorno ficticio<\/h1>\n<p>Perm\u00edtenos mostrarte lo que puedes lograr con Trelson Assessment: crea una cuenta demo por dos semanas al completar el formulario. Ad\u00e9ntrate en este entorno imaginario donde podr\u00e1s explorar libremente las capacidades de Trelson Assessment tanto como profesor como estudiante, sin necesidad de involucrar a los administradores de TIC de tu escuela.<\/p>\n<p>Durante las pr\u00f3ximas dos semanas, tendr\u00e1s la oportunidad de explorar una selecci\u00f3n de funciones esenciales que ofrece Trelson Assessment. Esta experiencia pr\u00e1ctica te permitir\u00e1 evaluar c\u00f3mo nuestra aplicaci\u00f3n se alinea con las necesidades y objetivos de tu escuela o municipio.<\/p>\n<ul>\n<li>Recuerda, este entorno es completamente ficticio, por lo que no es necesario implicar a los administradores de TIC<\/li>\n<li>Experimenta lo sencillo que es crear tareas y ex\u00e1menes digitales<\/li>\n<li>y descubre nuestras herramientas de accesibilidad para una experiencia a\u00fan m\u00e1s enriquecedora<\/li>\n<\/ul>\n<\/div><\/section><br \/>\n\n<style type=\"text\/css\" data-created_by=\"avia_inline_auto\" id=\"style-css-av-lmrtnr33-c918b4a3b40424b6c3d7170c416cd887\">\n.avia-image-container.av-lmrtnr33-c918b4a3b40424b6c3d7170c416cd887 img.avia_image{\nbox-shadow:none;\n}\n.avia-image-container.av-lmrtnr33-c918b4a3b40424b6c3d7170c416cd887 .av-image-caption-overlay-center{\ncolor:#ffffff;\n}\n<\/style>\n<div  class='avia-image-container av-lmrtnr33-c918b4a3b40424b6c3d7170c416cd887 av-styling- avia-align-center  avia-builder-el-2  el_after_av_textblock  avia-builder-el-last '   itemprop=\"image\" itemscope=\"itemscope\" itemtype=\"https:\/\/schema.org\/ImageObject\" ><div class=\"avia-image-container-inner\"><div class=\"avia-image-overlay-wrap\"><img decoding=\"async\" fetchpriority=\"high\" class='wp-image-7510 avia-img-lazy-loading-not-7510 avia_image ' src=\"https:\/\/www.trelson.com\/wp-content\/uploads\/2023\/09\/online-learning-1-3-300x300.png\" alt='Trelson Assessment demo account' title='online-learning-1'  height=\"300\" width=\"300\"  itemprop=\"thumbnailUrl\" srcset=\"https:\/\/www.trelson.com\/wp-content\/uploads\/2023\/09\/online-learning-1-3-300x300.png 300w, https:\/\/www.trelson.com\/wp-content\/uploads\/2023\/09\/online-learning-1-3-80x80.png 80w, https:\/\/www.trelson.com\/wp-content\/uploads\/2023\/09\/online-learning-1-3-36x36.png 36w, https:\/\/www.trelson.com\/wp-content\/uploads\/2023\/09\/online-learning-1-3-180x180.png 180w, https:\/\/www.trelson.com\/wp-content\/uploads\/2023\/09\/online-learning-1-3.png 500w\" sizes=\"(max-width: 300px) 100vw, 300px\" \/><\/div><\/div><\/div><\/p><\/div><div  class='flex_column av-3wigij-3318d2be23448c4cf1c634128bfa761b av_one_half  avia-builder-el-3  el_after_av_one_half  avia-builder-el-last  flex_column_div  '     ><\/div><\/p>\n","protected":false},"excerpt":{"rendered":"","protected":false},"author":2,"featured_media":0,"parent":8885,"menu_order":3,"comment_status":"closed","ping_status":"closed","template":"","meta":{"inline_featured_image":false,"footnotes":""},"class_list":["post-8901","page","type-page","status-publish","hentry"],"yoast_head":"<!-- This site is optimized with the Yoast SEO plugin v27.3 - https:\/\/yoast.com\/product\/yoast-seo-wordpress\/ -->\n<title>Cuenta demo - Trelson<\/title>\n<meta name=\"robots\" content=\"index, follow, max-snippet:-1, max-image-preview:large, max-video-preview:-1\" \/>\n<link rel=\"canonical\" href=\"https:\/\/www.trelson.com\/es\/app\/cuenta-demo\/\" \/>\n<meta property=\"og:locale\" content=\"es_ES\" \/>\n<meta property=\"og:type\" content=\"article\" \/>\n<meta property=\"og:title\" content=\"Cuenta demo - Trelson\" \/>\n<meta property=\"og:url\" content=\"https:\/\/www.trelson.com\/es\/app\/cuenta-demo\/\" \/>\n<meta property=\"og:site_name\" content=\"Trelson\" \/>\n<meta property=\"article:modified_time\" content=\"2023-11-29T15:45:55+00:00\" \/>\n<meta name=\"twitter:card\" content=\"summary_large_image\" \/>\n<meta name=\"twitter:label1\" content=\"Tiempo de lectura\" \/>\n\t<meta name=\"twitter:data1\" content=\"3 minutos\" \/>\n<script type=\"application\/ld+json\" class=\"yoast-schema-graph\">{\"@context\":\"https:\\\/\\\/schema.org\",\"@graph\":[{\"@type\":\"WebPage\",\"@id\":\"https:\\\/\\\/www.trelson.com\\\/es\\\/app\\\/cuenta-demo\\\/\",\"url\":\"https:\\\/\\\/www.trelson.com\\\/es\\\/app\\\/cuenta-demo\\\/\",\"name\":\"Cuenta demo - Trelson\",\"isPartOf\":{\"@id\":\"https:\\\/\\\/www.trelson.com\\\/#website\"},\"datePublished\":\"2023-09-20T14:15:17+00:00\",\"dateModified\":\"2023-11-29T15:45:55+00:00\",\"breadcrumb\":{\"@id\":\"https:\\\/\\\/www.trelson.com\\\/es\\\/app\\\/cuenta-demo\\\/#breadcrumb\"},\"inLanguage\":\"es\",\"potentialAction\":[{\"@type\":\"ReadAction\",\"target\":[\"https:\\\/\\\/www.trelson.com\\\/es\\\/app\\\/cuenta-demo\\\/\"]}]},{\"@type\":\"BreadcrumbList\",\"@id\":\"https:\\\/\\\/www.trelson.com\\\/es\\\/app\\\/cuenta-demo\\\/#breadcrumb\",\"itemListElement\":[{\"@type\":\"ListItem\",\"position\":1,\"name\":\"Home\",\"item\":\"https:\\\/\\\/www.trelson.com\\\/es\\\/app\\\/\"},{\"@type\":\"ListItem\",\"position\":2,\"name\":\"Trelson\",\"item\":\"https:\\\/\\\/www.trelson.com\\\/es\\\/app\\\/\"},{\"@type\":\"ListItem\",\"position\":3,\"name\":\"Cuenta demo\"}]},{\"@type\":\"WebSite\",\"@id\":\"https:\\\/\\\/www.trelson.com\\\/#website\",\"url\":\"https:\\\/\\\/www.trelson.com\\\/\",\"name\":\"Trelson\",\"description\":\"The platform for digital exams under your control\",\"potentialAction\":[{\"@type\":\"SearchAction\",\"target\":{\"@type\":\"EntryPoint\",\"urlTemplate\":\"https:\\\/\\\/www.trelson.com\\\/?s={search_term_string}\"},\"query-input\":{\"@type\":\"PropertyValueSpecification\",\"valueRequired\":true,\"valueName\":\"search_term_string\"}}],\"inLanguage\":\"es\"}]}<\/script>\n<!-- \/ Yoast SEO plugin. -->","yoast_head_json":{"title":"Cuenta demo - Trelson","robots":{"index":"index","follow":"follow","max-snippet":"max-snippet:-1","max-image-preview":"max-image-preview:large","max-video-preview":"max-video-preview:-1"},"canonical":"https:\/\/www.trelson.com\/es\/app\/cuenta-demo\/","og_locale":"es_ES","og_type":"article","og_title":"Cuenta demo - Trelson","og_url":"https:\/\/www.trelson.com\/es\/app\/cuenta-demo\/","og_site_name":"Trelson","article_modified_time":"2023-11-29T15:45:55+00:00","twitter_card":"summary_large_image","twitter_misc":{"Tiempo de lectura":"3 minutos"},"schema":{"@context":"https:\/\/schema.org","@graph":[{"@type":"WebPage","@id":"https:\/\/www.trelson.com\/es\/app\/cuenta-demo\/","url":"https:\/\/www.trelson.com\/es\/app\/cuenta-demo\/","name":"Cuenta demo - Trelson","isPartOf":{"@id":"https:\/\/www.trelson.com\/#website"},"datePublished":"2023-09-20T14:15:17+00:00","dateModified":"2023-11-29T15:45:55+00:00","breadcrumb":{"@id":"https:\/\/www.trelson.com\/es\/app\/cuenta-demo\/#breadcrumb"},"inLanguage":"es","potentialAction":[{"@type":"ReadAction","target":["https:\/\/www.trelson.com\/es\/app\/cuenta-demo\/"]}]},{"@type":"BreadcrumbList","@id":"https:\/\/www.trelson.com\/es\/app\/cuenta-demo\/#breadcrumb","itemListElement":[{"@type":"ListItem","position":1,"name":"Home","item":"https:\/\/www.trelson.com\/es\/app\/"},{"@type":"ListItem","position":2,"name":"Trelson","item":"https:\/\/www.trelson.com\/es\/app\/"},{"@type":"ListItem","position":3,"name":"Cuenta demo"}]},{"@type":"WebSite","@id":"https:\/\/www.trelson.com\/#website","url":"https:\/\/www.trelson.com\/","name":"Trelson","description":"The platform for digital exams under your control","potentialAction":[{"@type":"SearchAction","target":{"@type":"EntryPoint","urlTemplate":"https:\/\/www.trelson.com\/?s={search_term_string}"},"query-input":{"@type":"PropertyValueSpecification","valueRequired":true,"valueName":"search_term_string"}}],"inLanguage":"es"}]}},"_links":{"self":[{"href":"https:\/\/www.trelson.com\/es\/wp-json\/wp\/v2\/pages\/8901","targetHints":{"allow":["GET"]}}],"collection":[{"href":"https:\/\/www.trelson.com\/es\/wp-json\/wp\/v2\/pages"}],"about":[{"href":"https:\/\/www.trelson.com\/es\/wp-json\/wp\/v2\/types\/page"}],"author":[{"embeddable":true,"href":"https:\/\/www.trelson.com\/es\/wp-json\/wp\/v2\/users\/2"}],"replies":[{"embeddable":true,"href":"https:\/\/www.trelson.com\/es\/wp-json\/wp\/v2\/comments?post=8901"}],"version-history":[{"count":4,"href":"https:\/\/www.trelson.com\/es\/wp-json\/wp\/v2\/pages\/8901\/revisions"}],"predecessor-version":[{"id":9179,"href":"https:\/\/www.trelson.com\/es\/wp-json\/wp\/v2\/pages\/8901\/revisions\/9179"}],"up":[{"embeddable":true,"href":"https:\/\/www.trelson.com\/es\/wp-json\/wp\/v2\/pages\/8885"}],"wp:attachment":[{"href":"https:\/\/www.trelson.com\/es\/wp-json\/wp\/v2\/media?parent=8901"}],"curies":[{"name":"wp","href":"https:\/\/api.w.org\/{rel}","templated":true}]}}