{"id":8875,"date":"2023-09-28T12:37:20","date_gmt":"2023-09-28T10:37:20","guid":{"rendered":"https:\/\/www.trelson.com\/?page_id=8875"},"modified":"2024-12-02T13:10:01","modified_gmt":"2024-12-02T12:10:01","slug":"precios","status":"publish","type":"page","link":"https:\/\/www.trelson.com\/es\/precios\/","title":{"rendered":"Precios"},"content":{"rendered":"<div  class='flex_column av-3v2t0t-a169047e220e6841fa0ee0d136611ee6 av_one_half  avia-builder-el-0  el_before_av_one_half  avia-builder-el-first  first flex_column_div  '     ><section  class='av_textblock_section av-ln31jqt7-7472a242b847fb1c46e677c2d8ebaa02 '   itemscope=\"itemscope\" itemtype=\"https:\/\/schema.org\/CreativeWork\" ><div class='avia_textblock'  itemprop=\"text\" ><h1 style=\"text-align: left;\">Tarifas<\/h1>\n<p style=\"text-align: left;\">Utiliza la versi\u00f3n demo para probar la aplicaci\u00f3n. Elige la versi\u00f3n completa para acceder a todas las funciones para ex\u00e1menes digitales y m\u00e1s.<\/p>\n<\/div><\/section><\/div>\n<div  class='flex_column av-2eivgd-f3fbbd1a2318a8b34446042a25a2a893 av_one_half  avia-builder-el-2  el_after_av_one_half  el_before_av_section  avia-builder-el-last  flex_column_div  '     ><style type=\"text\/css\" data-created_by=\"avia_inline_auto\" id=\"style-css-av-lox1wsik-4994a32db725908ca6537eaf3264c716\">\n.avia-image-container.av-lox1wsik-4994a32db725908ca6537eaf3264c716 img.avia_image{\nbox-shadow:none;\n}\n.avia-image-container.av-lox1wsik-4994a32db725908ca6537eaf3264c716 .av-image-caption-overlay-center{\ncolor:#ffffff;\n}\n<\/style>\n<div  class='avia-image-container av-lox1wsik-4994a32db725908ca6537eaf3264c716 av-styling- avia-align-center  avia-builder-el-3  avia-builder-el-no-sibling '   itemprop=\"image\" itemscope=\"itemscope\" itemtype=\"https:\/\/schema.org\/ImageObject\" ><div class=\"avia-image-container-inner\"><div class=\"avia-image-overlay-wrap\"><img decoding=\"async\" fetchpriority=\"high\" class='wp-image-7474 avia-img-lazy-loading-not-7474 avia_image ' src=\"https:\/\/www.trelson.com\/wp-content\/uploads\/2023\/09\/currencies-2-300x300.png\" alt='' title='currencies-2'  height=\"300\" width=\"300\"  itemprop=\"thumbnailUrl\" srcset=\"https:\/\/www.trelson.com\/wp-content\/uploads\/2023\/09\/currencies-2-300x300.png 300w, https:\/\/www.trelson.com\/wp-content\/uploads\/2023\/09\/currencies-2-80x80.png 80w, https:\/\/www.trelson.com\/wp-content\/uploads\/2023\/09\/currencies-2-36x36.png 36w, https:\/\/www.trelson.com\/wp-content\/uploads\/2023\/09\/currencies-2-180x180.png 180w, https:\/\/www.trelson.com\/wp-content\/uploads\/2023\/09\/currencies-2.png 500w\" sizes=\"(max-width: 300px) 100vw, 300px\" \/><\/div><\/div><\/div><\/div>\n<\/div><\/div><\/div><!-- close content main div --><\/div><\/div><div id='av_section_1'  class='avia-section av-y7x86l-b0e32b51b54bb1b341ea4ff7db2bafc2 main_color avia-section-default avia-no-border-styling  avia-builder-el-4  el_after_av_one_half  el_before_av_one_half  avia-bg-style-scroll container_wrap fullsize'  ><div class='container av-section-cont-open' ><div class='template-page content  av-content-full alpha units'><div class='post-entry post-entry-type-page post-entry-8875'><div class='entry-content-wrapper clearfix'>\n<div class='flex_column_table av-wq0usd-21b971fa17a65c0251c03ad24b9d5d81 sc-av_one_third av-equal-height-column-flextable'>\n<style type=\"text\/css\" data-created_by=\"avia_inline_auto\" id=\"style-css-av-wq0usd-21b971fa17a65c0251c03ad24b9d5d81\">\n.flex_column.av-wq0usd-21b971fa17a65c0251c03ad24b9d5d81{\nborder-width:2px;\nborder-color:#e57b4c;\nborder-style:dashed;\nborder-radius:5px 5px 5px 5px;\npadding:30px 30px 30px 30px;\nbackground-color:#ffffff;\n}\n<\/style>\n<div  class='flex_column av-wq0usd-21b971fa17a65c0251c03ad24b9d5d81 av_one_third  avia-builder-el-5  el_before_av_one_third  avia-builder-el-first  first flex_column_table_cell av-equal-height-column av-align-top  '     ><p>\n<style type=\"text\/css\" data-created_by=\"avia_inline_auto\" id=\"style-css-av-uk72l9-e828bd022b1ea3b4bed2390a14873117\">\n#top .av-special-heading.av-uk72l9-e828bd022b1ea3b4bed2390a14873117{\npadding-bottom:10px;\ncolor:#e57b4c;\n}\nbody .av-special-heading.av-uk72l9-e828bd022b1ea3b4bed2390a14873117 .av-special-heading-tag .heading-char{\nfont-size:25px;\n}\n.av-special-heading.av-uk72l9-e828bd022b1ea3b4bed2390a14873117 .special-heading-inner-border{\nborder-color:#2f2f2f;\n}\n.av-special-heading.av-uk72l9-e828bd022b1ea3b4bed2390a14873117 .av-subheading{\nfont-size:15px;\n}\nbody .av-special-heading.av-uk72l9-e828bd022b1ea3b4bed2390a14873117 .av-special-heading-tag .heading-wrap:before{\nborder-color:#2f2f2f;\n}\nbody .av-special-heading.av-uk72l9-e828bd022b1ea3b4bed2390a14873117 .av-special-heading-tag .heading-wrap:after{\nborder-color:#2f2f2f;\n}\n<\/style>\n<div  class='av-special-heading av-uk72l9-e828bd022b1ea3b4bed2390a14873117 av-special-heading-h6 custom-color-heading blockquote elegant-quote elegant-centered  avia-builder-el-6  el_before_av_image  avia-builder-el-first '><h6 class='av-special-heading-tag '  itemprop=\"headline\"  ><span class=\"heading-wrap\">DEMO VERSION<\/span><\/h6><div class=\"special-heading-border\"><div class=\"special-heading-inner-border\"><\/div><\/div><\/div><br \/>\n\n<style type=\"text\/css\" data-created_by=\"avia_inline_auto\" id=\"style-css-av-t6t5yl-3b1c8098e545083f0f16fe62358dda1f\">\n.avia-image-container.av-t6t5yl-3b1c8098e545083f0f16fe62358dda1f img.avia_image{\nbox-shadow:none;\n}\n.avia-image-container.av-t6t5yl-3b1c8098e545083f0f16fe62358dda1f .av-image-caption-overlay-center{\ncolor:#ffffff;\n}\n<\/style>\n<div  class='avia-image-container av-t6t5yl-3b1c8098e545083f0f16fe62358dda1f av-styling- avia-align-center  avia-builder-el-7  el_after_av_heading  el_before_av_textblock '   itemprop=\"image\" itemscope=\"itemscope\" itemtype=\"https:\/\/schema.org\/ImageObject\" ><div class=\"avia-image-container-inner\"><div class=\"avia-image-overlay-wrap\"><img decoding=\"async\" fetchpriority=\"high\" class='wp-image-7510 avia-img-lazy-loading-not-7510 avia_image ' src=\"https:\/\/www.trelson.com\/wp-content\/uploads\/2023\/09\/online-learning-1-3-180x180.png\" alt='Trelson Assessment demo account' title='online-learning-1'  height=\"180\" width=\"180\"  itemprop=\"thumbnailUrl\" srcset=\"https:\/\/www.trelson.com\/wp-content\/uploads\/2023\/09\/online-learning-1-3-180x180.png 180w, https:\/\/www.trelson.com\/wp-content\/uploads\/2023\/09\/online-learning-1-3-300x300.png 300w, https:\/\/www.trelson.com\/wp-content\/uploads\/2023\/09\/online-learning-1-3-80x80.png 80w, https:\/\/www.trelson.com\/wp-content\/uploads\/2023\/09\/online-learning-1-3-36x36.png 36w, https:\/\/www.trelson.com\/wp-content\/uploads\/2023\/09\/online-learning-1-3.png 500w\" sizes=\"(max-width: 180px) 100vw, 180px\" \/><\/div><\/div><\/div><br \/>\n<section  class='av_textblock_section av-rnqcsd-16877360de7304900ed9ff46d93f2de3 '   itemscope=\"itemscope\" itemtype=\"https:\/\/schema.org\/CreativeWork\" ><div class='avia_textblock av_inherit_color'  itemprop=\"text\" ><h3 style=\"text-align: center;\">Versi\u00f3n demo<\/h3>\n<h5 style=\"text-align: center;\">Pru\u00e9bala<\/h5>\n<p style=\"text-align: center;\">Pru\u00e9bala en nuestro entorno demo, no es necesaria la participaci\u00f3n de IT. Si bien no tiene todas las funciones disponibles, tendr\u00e1s una buena idea de c\u00f3mo se ve y funciona.<\/p>\n<\/div><\/section><br \/>\n<div  class='avia-button-wrap av-nxpoil-1a116d542ebcff25bd6f11841abb7ff3-wrap avia-button-center  avia-builder-el-9  el_after_av_textblock  avia-builder-el-last '>\n<style type=\"text\/css\" data-created_by=\"avia_inline_auto\" id=\"style-css-av-nxpoil-1a116d542ebcff25bd6f11841abb7ff3\">\n#top #wrap_all .avia-button.av-nxpoil-1a116d542ebcff25bd6f11841abb7ff3{\nbackground-color:#76ada8;\nborder-color:#76ada8;\ntransition:all 0.4s ease-in-out;\n}\n#top #wrap_all .avia-button.av-nxpoil-1a116d542ebcff25bd6f11841abb7ff3:hover{\ncolor:white;\ntransition:all 0.4s ease-in-out;\n}\n#top #wrap_all .avia-button.av-nxpoil-1a116d542ebcff25bd6f11841abb7ff3:hover .avia-svg-icon svg:first-child{\nfill:white;\nstroke:white;\n}\n<\/style>\n<a href='https:\/\/www.trelson.com\/app\/demo-account\/'  class='avia-button av-nxpoil-1a116d542ebcff25bd6f11841abb7ff3 av-link-btn avia-icon_select-no avia-size-small avia-position-center avia-font-color-theme-color'   aria-label=\"VERSION GRATUITA\"><span class='avia_iconbox_title' >VERSION GRATUITA<\/span><span class='avia_button_background avia-button avia-color-theme-color-highlight' ><\/span><\/a><\/div><\/p><\/div><div class='av-flex-placeholder'><\/div>\n<style type=\"text\/css\" data-created_by=\"avia_inline_auto\" id=\"style-css-av-bx0h71-764bd10bce32db9384fb9842440a995d\">\n.flex_column.av-bx0h71-764bd10bce32db9384fb9842440a995d{\nborder-width:2px;\nborder-color:#e57b4c;\nborder-style:dashed;\nborder-radius:5px 5px 5px 5px;\npadding:30px 30px 30px 30px;\nbackground-color:#ffffff;\n}\n<\/style>\n<div  class='flex_column av-bx0h71-764bd10bce32db9384fb9842440a995d av_one_third  avia-builder-el-10  el_after_av_one_third  el_before_av_one_third  flex_column_table_cell av-equal-height-column av-align-top  '     ><p>\n<style type=\"text\/css\" data-created_by=\"avia_inline_auto\" id=\"style-css-av-lnvvyai8-f37f438ca1f590107fcc436ebbabc353\">\n#top .av-special-heading.av-lnvvyai8-f37f438ca1f590107fcc436ebbabc353{\npadding-bottom:10px;\ncolor:#e57b4c;\n}\nbody .av-special-heading.av-lnvvyai8-f37f438ca1f590107fcc436ebbabc353 .av-special-heading-tag .heading-char{\nfont-size:25px;\n}\n.av-special-heading.av-lnvvyai8-f37f438ca1f590107fcc436ebbabc353 .special-heading-inner-border{\nborder-color:#2f2f2f;\n}\n.av-special-heading.av-lnvvyai8-f37f438ca1f590107fcc436ebbabc353 .av-subheading{\nfont-size:15px;\n}\nbody .av-special-heading.av-lnvvyai8-f37f438ca1f590107fcc436ebbabc353 .av-special-heading-tag .heading-wrap:before{\nborder-color:#2f2f2f;\n}\nbody .av-special-heading.av-lnvvyai8-f37f438ca1f590107fcc436ebbabc353 .av-special-heading-tag .heading-wrap:after{\nborder-color:#2f2f2f;\n}\n<\/style>\n<div  class='av-special-heading av-lnvvyai8-f37f438ca1f590107fcc436ebbabc353 av-special-heading-h6 custom-color-heading blockquote elegant-quote elegant-centered  avia-builder-el-11  el_before_av_image  avia-builder-el-first '><h6 class='av-special-heading-tag '  itemprop=\"headline\"  ><span class=\"heading-wrap\">FULL VERSION<\/span><\/h6><div class=\"special-heading-border\"><div class=\"special-heading-inner-border\"><\/div><\/div><\/div><br \/>\n\n<style type=\"text\/css\" data-created_by=\"avia_inline_auto\" id=\"style-css-av-lnvvz9re-b8f59f99384f651393370ed2849c21ce\">\n.avia-image-container.av-lnvvz9re-b8f59f99384f651393370ed2849c21ce img.avia_image{\nbox-shadow:none;\n}\n.avia-image-container.av-lnvvz9re-b8f59f99384f651393370ed2849c21ce .av-image-caption-overlay-center{\ncolor:#ffffff;\n}\n<\/style>\n<div  class='avia-image-container av-lnvvz9re-b8f59f99384f651393370ed2849c21ce av-styling- avia-align-center  avia-builder-el-12  el_after_av_heading  el_before_av_textblock '   itemprop=\"image\" itemscope=\"itemscope\" itemtype=\"https:\/\/schema.org\/ImageObject\" ><div class=\"avia-image-container-inner\"><div class=\"avia-image-overlay-wrap\"><img decoding=\"async\" fetchpriority=\"high\" class='wp-image-7495 avia-img-lazy-loading-not-7495 avia_image ' src=\"https:\/\/www.trelson.com\/wp-content\/uploads\/2023\/09\/startup-2-180x180.png\" alt='Trelson Assessment Full Version' title='startup-2'  height=\"180\" width=\"180\"  itemprop=\"thumbnailUrl\" srcset=\"https:\/\/www.trelson.com\/wp-content\/uploads\/2023\/09\/startup-2-180x180.png 180w, https:\/\/www.trelson.com\/wp-content\/uploads\/2023\/09\/startup-2-300x300.png 300w, https:\/\/www.trelson.com\/wp-content\/uploads\/2023\/09\/startup-2-80x80.png 80w, https:\/\/www.trelson.com\/wp-content\/uploads\/2023\/09\/startup-2-36x36.png 36w, https:\/\/www.trelson.com\/wp-content\/uploads\/2023\/09\/startup-2.png 500w\" sizes=\"(max-width: 180px) 100vw, 180px\" \/><\/div><\/div><\/div><br \/>\n<section  class='av_textblock_section av-lnvw056o-132a8afd12af2bf87d2cfbd6edfeab5a '   itemscope=\"itemscope\" itemtype=\"https:\/\/schema.org\/CreativeWork\" ><div class='avia_textblock av_inherit_color'  itemprop=\"text\" ><h3 style=\"text-align: center;\">Versi\u00f3n completa<\/h3>\n<h5 style=\"text-align: center;\">Todas las funciones<\/h5>\n<p style=\"text-align: center;\">Desbloquea la versi\u00f3n completa para profesores, administradores y estudiantes de tu organizaci\u00f3n. Optimiza la experiencia de ense\u00f1anza con herramientas intuitivas y disfruta de un aprendizaje accesible.<\/p>\n<\/div><\/section><br \/>\n<div  class='avia-button-wrap av-lnvw3aj3-ec00b56b09c8dfb3d380343b16ffb77c-wrap avia-button-center  avia-builder-el-14  el_after_av_textblock  avia-builder-el-last '>\n<style type=\"text\/css\" data-created_by=\"avia_inline_auto\" id=\"style-css-av-lnvw3aj3-ec00b56b09c8dfb3d380343b16ffb77c\">\n#top #wrap_all .avia-button.av-lnvw3aj3-ec00b56b09c8dfb3d380343b16ffb77c{\nbackground-color:#76ada8;\nborder-color:#76ada8;\ntransition:all 0.4s ease-in-out;\n}\n#top #wrap_all .avia-button.av-lnvw3aj3-ec00b56b09c8dfb3d380343b16ffb77c:hover{\ncolor:white;\ntransition:all 0.4s ease-in-out;\n}\n#top #wrap_all .avia-button.av-lnvw3aj3-ec00b56b09c8dfb3d380343b16ffb77c:hover .avia-svg-icon svg:first-child{\nfill:white;\nstroke:white;\n}\n<\/style>\n<a href='https:\/\/www.trelson.com\/app\/get-started\/'  class='avia-button av-lnvw3aj3-ec00b56b09c8dfb3d380343b16ffb77c av-link-btn avia-icon_select-no avia-size-small avia-position-center avia-font-color-theme-color'   aria-label=\"4\u20ac \/ ESTUDIANTE \/ A\u00d1O\"><span class='avia_iconbox_title' >4\u20ac \/ ESTUDIANTE \/ A\u00d1O<\/span><span class='avia_button_background avia-button avia-color-theme-color-highlight' ><\/span><\/a><\/div><\/p><\/div><div class='av-flex-placeholder'><\/div><div  class='flex_column av-33yxul-f5fbb50106f9658ccd8db0a37f9d60fb av_one_third  avia-builder-el-15  el_after_av_one_third  avia-builder-el-last  flex_column_table_cell av-equal-height-column av-align-top  '     ><\/div><\/div><!--close column table wrapper. Autoclose: 1 -->\n<\/div><\/div><\/div><!-- close content main div --><\/div><\/div><div id='after_section_1'  class='main_color av_default_container_wrap container_wrap fullsize'  ><div class='container av-section-cont-open' ><div class='template-page content  av-content-full alpha units'><div class='post-entry post-entry-type-page post-entry-8875'><div class='entry-content-wrapper clearfix'>\n\n<style type=\"text\/css\" data-created_by=\"avia_inline_auto\" id=\"style-css-av-7hrvql-0a11b22355866af64c332d3a73d55e86\">\n.flex_column.av-7hrvql-0a11b22355866af64c332d3a73d55e86{\nborder-width:4px;\nborder-color:#ffcc83;\nborder-style:dashed;\nborder-radius:5px 5px 5px 5px;\npadding:30px 30px 30px 30px;\n}\n<\/style>\n<div  id=\"book\"  class='flex_column av-7hrvql-0a11b22355866af64c332d3a73d55e86 av_one_half  avia-builder-el-16  el_after_av_section  el_before_av_one_half  avia-builder-el-first  first flex_column_div  '     ><section  class='av_textblock_section av-5y8cpp-451e41a9554e90169dae6ba72731883c '   itemscope=\"itemscope\" itemtype=\"https:\/\/schema.org\/CreativeWork\" ><div class='avia_textblock av_inherit_color'  itemprop=\"text\" ><h2>Habla con nosotros<\/h2>\n<p>Ponte en contacto con nuestro equipo de ventas para hablar m\u00e1s sobre Trelson.<\/p>\n<\/div><\/section><br \/>\n<\/p><\/div><div  class='flex_column av-2966q5-46a4e1dacb70c47ec3ad1ddad0e11b99 av_one_half  avia-builder-el-19  el_after_av_one_half  avia-builder-el-last  flex_column_div  '     ><style type=\"text\/css\" data-created_by=\"avia_inline_auto\" id=\"style-css-av-lnvwn29r-cf9cd6094a8089079cd946614ffebd23\">\n.avia-image-container.av-lnvwn29r-cf9cd6094a8089079cd946614ffebd23 img.avia_image{\nbox-shadow:none;\n}\n.avia-image-container.av-lnvwn29r-cf9cd6094a8089079cd946614ffebd23 .av-image-caption-overlay-center{\ncolor:#ffffff;\n}\n<\/style>\n<div  class='avia-image-container av-lnvwn29r-cf9cd6094a8089079cd946614ffebd23 av-styling- avia-align-center  avia-builder-el-20  avia-builder-el-no-sibling '   itemprop=\"image\" itemscope=\"itemscope\" itemtype=\"https:\/\/schema.org\/ImageObject\" ><div class=\"avia-image-container-inner\"><div class=\"avia-image-overlay-wrap\"><img decoding=\"async\" fetchpriority=\"high\" class='wp-image-7424 avia-img-lazy-loading-not-7424 avia_image ' src=\"https:\/\/www.trelson.com\/wp-content\/uploads\/2023\/09\/online-exam-1-1.png\" alt='Trelson Assessment Book a demo' title='online-exam-1-1'  height=\"500\" width=\"500\"  itemprop=\"thumbnailUrl\" srcset=\"https:\/\/www.trelson.com\/wp-content\/uploads\/2023\/09\/online-exam-1-1.png 500w, https:\/\/www.trelson.com\/wp-content\/uploads\/2023\/09\/online-exam-1-1-300x300.png 300w, https:\/\/www.trelson.com\/wp-content\/uploads\/2023\/09\/online-exam-1-1-80x80.png 80w, https:\/\/www.trelson.com\/wp-content\/uploads\/2023\/09\/online-exam-1-1-36x36.png 36w, https:\/\/www.trelson.com\/wp-content\/uploads\/2023\/09\/online-exam-1-1-180x180.png 180w\" sizes=\"(max-width: 500px) 100vw, 500px\" \/><\/div><\/div><\/div><\/div><\/p>\n","protected":false},"excerpt":{"rendered":"","protected":false},"author":2,"featured_media":0,"parent":0,"menu_order":0,"comment_status":"closed","ping_status":"closed","template":"","meta":{"inline_featured_image":false,"footnotes":""},"class_list":["post-8875","page","type-page","status-publish","hentry"],"yoast_head":"<!-- This site is optimized with the Yoast SEO plugin v27.3 - https:\/\/yoast.com\/product\/yoast-seo-wordpress\/ -->\n<title>Precios - Trelson<\/title>\n<meta name=\"robots\" content=\"index, follow, max-snippet:-1, max-image-preview:large, max-video-preview:-1\" \/>\n<link rel=\"canonical\" href=\"https:\/\/www.trelson.com\/es\/precios\/\" \/>\n<meta property=\"og:locale\" content=\"es_ES\" \/>\n<meta property=\"og:type\" content=\"article\" \/>\n<meta property=\"og:title\" content=\"Precios - Trelson\" \/>\n<meta property=\"og:url\" content=\"https:\/\/www.trelson.com\/es\/precios\/\" \/>\n<meta property=\"og:site_name\" content=\"Trelson\" \/>\n<meta property=\"article:modified_time\" content=\"2024-12-02T12:10:01+00:00\" \/>\n<meta name=\"twitter:card\" content=\"summary_large_image\" \/>\n<meta name=\"twitter:label1\" content=\"Tiempo de lectura\" \/>\n\t<meta name=\"twitter:data1\" content=\"2 minutos\" \/>\n<script type=\"application\/ld+json\" class=\"yoast-schema-graph\">{\"@context\":\"https:\\\/\\\/schema.org\",\"@graph\":[{\"@type\":\"WebPage\",\"@id\":\"https:\\\/\\\/www.trelson.com\\\/es\\\/precios\\\/\",\"url\":\"https:\\\/\\\/www.trelson.com\\\/es\\\/precios\\\/\",\"name\":\"Precios - Trelson\",\"isPartOf\":{\"@id\":\"https:\\\/\\\/www.trelson.com\\\/#website\"},\"datePublished\":\"2023-09-28T10:37:20+00:00\",\"dateModified\":\"2024-12-02T12:10:01+00:00\",\"breadcrumb\":{\"@id\":\"https:\\\/\\\/www.trelson.com\\\/es\\\/precios\\\/#breadcrumb\"},\"inLanguage\":\"es\",\"potentialAction\":[{\"@type\":\"ReadAction\",\"target\":[\"https:\\\/\\\/www.trelson.com\\\/es\\\/precios\\\/\"]}]},{\"@type\":\"BreadcrumbList\",\"@id\":\"https:\\\/\\\/www.trelson.com\\\/es\\\/precios\\\/#breadcrumb\",\"itemListElement\":[{\"@type\":\"ListItem\",\"position\":1,\"name\":\"Home\",\"item\":\"https:\\\/\\\/www.trelson.com\\\/es\\\/app\\\/\"},{\"@type\":\"ListItem\",\"position\":2,\"name\":\"Precios\"}]},{\"@type\":\"WebSite\",\"@id\":\"https:\\\/\\\/www.trelson.com\\\/#website\",\"url\":\"https:\\\/\\\/www.trelson.com\\\/\",\"name\":\"Trelson\",\"description\":\"The platform for digital exams under your control\",\"potentialAction\":[{\"@type\":\"SearchAction\",\"target\":{\"@type\":\"EntryPoint\",\"urlTemplate\":\"https:\\\/\\\/www.trelson.com\\\/?s={search_term_string}\"},\"query-input\":{\"@type\":\"PropertyValueSpecification\",\"valueRequired\":true,\"valueName\":\"search_term_string\"}}],\"inLanguage\":\"es\"}]}<\/script>\n<!-- \/ Yoast SEO plugin. -->","yoast_head_json":{"title":"Precios - Trelson","robots":{"index":"index","follow":"follow","max-snippet":"max-snippet:-1","max-image-preview":"max-image-preview:large","max-video-preview":"max-video-preview:-1"},"canonical":"https:\/\/www.trelson.com\/es\/precios\/","og_locale":"es_ES","og_type":"article","og_title":"Precios - Trelson","og_url":"https:\/\/www.trelson.com\/es\/precios\/","og_site_name":"Trelson","article_modified_time":"2024-12-02T12:10:01+00:00","twitter_card":"summary_large_image","twitter_misc":{"Tiempo de lectura":"2 minutos"},"schema":{"@context":"https:\/\/schema.org","@graph":[{"@type":"WebPage","@id":"https:\/\/www.trelson.com\/es\/precios\/","url":"https:\/\/www.trelson.com\/es\/precios\/","name":"Precios - Trelson","isPartOf":{"@id":"https:\/\/www.trelson.com\/#website"},"datePublished":"2023-09-28T10:37:20+00:00","dateModified":"2024-12-02T12:10:01+00:00","breadcrumb":{"@id":"https:\/\/www.trelson.com\/es\/precios\/#breadcrumb"},"inLanguage":"es","potentialAction":[{"@type":"ReadAction","target":["https:\/\/www.trelson.com\/es\/precios\/"]}]},{"@type":"BreadcrumbList","@id":"https:\/\/www.trelson.com\/es\/precios\/#breadcrumb","itemListElement":[{"@type":"ListItem","position":1,"name":"Home","item":"https:\/\/www.trelson.com\/es\/app\/"},{"@type":"ListItem","position":2,"name":"Precios"}]},{"@type":"WebSite","@id":"https:\/\/www.trelson.com\/#website","url":"https:\/\/www.trelson.com\/","name":"Trelson","description":"The platform for digital exams under your control","potentialAction":[{"@type":"SearchAction","target":{"@type":"EntryPoint","urlTemplate":"https:\/\/www.trelson.com\/?s={search_term_string}"},"query-input":{"@type":"PropertyValueSpecification","valueRequired":true,"valueName":"search_term_string"}}],"inLanguage":"es"}]}},"_links":{"self":[{"href":"https:\/\/www.trelson.com\/es\/wp-json\/wp\/v2\/pages\/8875","targetHints":{"allow":["GET"]}}],"collection":[{"href":"https:\/\/www.trelson.com\/es\/wp-json\/wp\/v2\/pages"}],"about":[{"href":"https:\/\/www.trelson.com\/es\/wp-json\/wp\/v2\/types\/page"}],"author":[{"embeddable":true,"href":"https:\/\/www.trelson.com\/es\/wp-json\/wp\/v2\/users\/2"}],"replies":[{"embeddable":true,"href":"https:\/\/www.trelson.com\/es\/wp-json\/wp\/v2\/comments?post=8875"}],"version-history":[{"count":8,"href":"https:\/\/www.trelson.com\/es\/wp-json\/wp\/v2\/pages\/8875\/revisions"}],"predecessor-version":[{"id":12175,"href":"https:\/\/www.trelson.com\/es\/wp-json\/wp\/v2\/pages\/8875\/revisions\/12175"}],"wp:attachment":[{"href":"https:\/\/www.trelson.com\/es\/wp-json\/wp\/v2\/media?parent=8875"}],"curies":[{"name":"wp","href":"https:\/\/api.w.org\/{rel}","templated":true}]}}